{"id":605,"date":"2022-05-12T18:18:34","date_gmt":"2022-05-12T16:18:34","guid":{"rendered":"https:\/\/rapportannuel2021.hirondelle.org\/mentions-legales"},"modified":"2022-05-30T21:42:12","modified_gmt":"2022-05-30T19:42:12","slug":"legal-notice","status":"publish","type":"page","link":"https:\/\/rapportannuel2021.hirondelle.org\/en\/legal-notice","title":{"rendered":"Legal Notice"},"content":{"rendered":"\r\n<h4 class=\"wp-block-heading\">DROITS D&#8217;AUTEURS ET DE DIFFUSION<\/h4>\r\n\r\n\r\n\r\n<p>En vertu des dispositions relatives au droit d&#8217;auteur ainsi qu&#8217;\u00e0 la Loi suisse contre la concurrence d\u00e9loyale, la reproduction et diffusion d&#8217;articles, de photos de fichiers audio ou vid\u00e9os sous toutes formes sont <strong>interdites sans l\u2019autorisation pr\u00e9alable<\/strong> de la Fondation Hirondelle (sauf partage sur les r\u00e9seaux sociaux, notamment en utilisant les boutons pr\u00e9vus \u00e0 cet effet). <strong>Les demandes sont \u00e0 effectuer exclusivement sur l&#8217;adresse \u00e9lectronique suivante<\/strong> : <a href=\"mailto:info@hirondelle.org\">info@hirondelle.org<\/a><\/p>\r\n\r\n\r\n\r\n<p>L&#8217;exploitation int\u00e9grale ou partielle des photos, fichier audio, vid\u00e9os ou articles par des tiers non autoris\u00e9s, notamment sur des services en ligne, est express\u00e9ment interdite.<\/p>\r\n\r\n\r\n\r\n<p>Tout abus fera l&#8217;objet de poursuites.<\/p>\r\n\r\n\r\n\r\n<h4 class=\"wp-block-heading\">PHOTOS<\/h4>\r\n\r\n\r\n\r\n<p>Les photo sont propri\u00e9t\u00e9 de la Fondation Hirondelle et\/ou des autres photographes ou organisations cr\u00e9dit\u00e9es dans le copyright.<\/p>\r\n\r\n\r\n\r\n<h4 class=\"wp-block-heading\">LIENS VERS D\u2019AUTRES SITES<\/h4>\r\n\r\n\r\n\r\n<p>La Fondation Hirondelle ne peut pas \u00eatre tenue pour responsable du contenu de sites web sur lesquels elle n&#8217;exerce pas de contr\u00f4le \u00e9ditorial.<\/p>\r\n\r\n\r\n\r\n<h4 class=\"wp-block-heading\">SI\u00c8GE ET FOR<\/h4>\r\n\r\n\r\n\r\n<p>Lausanne, Suisse<\/p>\r\n\r\n\r\n\r\n<h4 class=\"wp-block-heading\">CONTACTS<\/h4>\r\n\r\n\r\n\r\n<p>Fondation Hirondelle<br \/>Avenue du Temple 19C<br \/>1012 Lausanne<br \/>Tel : +41-21-654-2020<br \/>Fax : +41-21-654-2021<br \/><a href=\"http:\/\/www.hirondelle.org\" target=\"_blank\" rel=\"noreferrer noopener\">www.hirondelle.org<\/a><\/p>\r\n\r\n\r\n\r\n<p><a href=\"mailto:info@hirondelle.org\">info@hirondelle.org<\/a><\/p>\r\n<h4>POUR NOUS AIDER<\/h4>\r\n<p>\r\n\r\n<\/p>\r\n<p>Cr\u00e9dit Suisse, rue du Lion d\u2019Or, 1002 Lausanne<br \/>BIC\/Swift : CRESCHZZ80A<br \/>IBAN : CH16 0483 5041 8522 8100 1<\/p>\r\n<p><img loading=\"lazy\" decoding=\"async\" class=\"alignnone wp-image-865 size-medium\" src=\"https:\/\/rapportannuel2021.hirondelle.org\/wp-content\/uploads\/2022\/05\/logo-zewo-en-green-300x81.png\" alt=\"\" width=\"300\" height=\"81\" srcset=\"https:\/\/rapportannuel2021.hirondelle.org\/wp-content\/uploads\/2022\/05\/logo-zewo-en-green-300x81.png 300w, https:\/\/rapportannuel2021.hirondelle.org\/wp-content\/uploads\/2022\/05\/logo-zewo-en-green.png 350w\" sizes=\"auto, (max-width: 300px) 100vw, 300px\" \/><\/p>\r\n","protected":false},"excerpt":{"rendered":"<p>DROITS D&#8217;AUTEURS ET DE DIFFUSION En vertu des dispositions relatives au droit d&#8217;auteur ainsi qu&#8217;\u00e0 la Loi suisse contre la concurrence d\u00e9loyale, la reproduction et diffusion d&#8217;articles, de photos de fichiers audio ou vid\u00e9os sous toutes formes sont interdites sans l\u2019autorisation pr\u00e9alable de la Fondation Hirondelle (sauf partage sur les r\u00e9seaux sociaux, notamment en utilisant [&hellip;]<\/p>\n","protected":false},"author":6,"featured_media":306,"parent":0,"menu_order":0,"comment_status":"closed","ping_status":"closed","template":"","meta":{"footnotes":""},"class_list":["post-605","page","type-page","status-publish","hentry"],"yoast_head":"<!-- This site is optimized with the Yoast SEO plugin v25.3.1 - https:\/\/yoast.com\/wordpress\/plugins\/seo\/ -->\n<title>Legal Notice - Annual Report 2021 - Fondation Hirondelle<\/title>\n<meta name=\"robots\" content=\"index, follow, max-snippet:-1, max-image-preview:large, max-video-preview:-1\" \/>\n<link rel=\"canonical\" href=\"https:\/\/rapportannuel2021.hirondelle.org\/en\/legal-notice\" \/>\n<meta property=\"og:locale\" content=\"en_US\" \/>\n<meta property=\"og:type\" content=\"article\" \/>\n<meta property=\"og:title\" content=\"Legal Notice - Annual Report 2021 - Fondation Hirondelle\" \/>\n<meta property=\"og:description\" content=\"DROITS D&#8217;AUTEURS ET DE DIFFUSION En vertu des dispositions relatives au droit d&#8217;auteur ainsi qu&#8217;\u00e0 la Loi suisse contre la concurrence d\u00e9loyale, la reproduction et diffusion d&#8217;articles, de photos de fichiers audio ou vid\u00e9os sous toutes formes sont interdites sans l\u2019autorisation pr\u00e9alable de la Fondation Hirondelle (sauf partage sur les r\u00e9seaux sociaux, notamment en utilisant [&hellip;]\" \/>\n<meta property=\"og:url\" content=\"https:\/\/rapportannuel2021.hirondelle.org\/en\/legal-notice\" \/>\n<meta property=\"og:site_name\" content=\"Annual Report 2021 - Fondation Hirondelle\" \/>\n<meta property=\"article:modified_time\" content=\"2022-05-30T19:42:12+00:00\" \/>\n<meta property=\"og:image\" content=\"https:\/\/rapportannuel2021.hirondelle.org\/wp-content\/uploads\/2022\/05\/banner-empty-rapport-annuel-2.png\" \/>\n\t<meta property=\"og:image:width\" content=\"3000\" \/>\n\t<meta property=\"og:image:height\" content=\"1000\" \/>\n\t<meta property=\"og:image:type\" content=\"image\/png\" \/>\n<meta name=\"twitter:card\" content=\"summary_large_image\" \/>\n<meta name=\"twitter:label1\" content=\"Est. reading time\" \/>\n\t<meta name=\"twitter:data1\" content=\"2 minutes\" \/>\n<script type=\"application\/ld+json\" class=\"yoast-schema-graph\">{\"@context\":\"https:\/\/schema.org\",\"@graph\":[{\"@type\":\"WebPage\",\"@id\":\"https:\/\/rapportannuel2021.hirondelle.org\/en\/legal-notice\",\"url\":\"https:\/\/rapportannuel2021.hirondelle.org\/en\/legal-notice\",\"name\":\"Legal Notice - Annual Report 2021 - Fondation Hirondelle\",\"isPartOf\":{\"@id\":\"https:\/\/rapportannuel2021.hirondelle.org\/en#website\"},\"primaryImageOfPage\":{\"@id\":\"https:\/\/rapportannuel2021.hirondelle.org\/en\/legal-notice#primaryimage\"},\"image\":{\"@id\":\"https:\/\/rapportannuel2021.hirondelle.org\/en\/legal-notice#primaryimage\"},\"thumbnailUrl\":\"https:\/\/rapportannuel2021.hirondelle.org\/wp-content\/uploads\/2022\/05\/banner-empty-rapport-annuel-2.png\",\"datePublished\":\"2022-05-12T16:18:34+00:00\",\"dateModified\":\"2022-05-30T19:42:12+00:00\",\"breadcrumb\":{\"@id\":\"https:\/\/rapportannuel2021.hirondelle.org\/en\/legal-notice#breadcrumb\"},\"inLanguage\":\"en-US\",\"potentialAction\":[{\"@type\":\"ReadAction\",\"target\":[\"https:\/\/rapportannuel2021.hirondelle.org\/en\/legal-notice\"]}]},{\"@type\":\"ImageObject\",\"inLanguage\":\"en-US\",\"@id\":\"https:\/\/rapportannuel2021.hirondelle.org\/en\/legal-notice#primaryimage\",\"url\":\"https:\/\/rapportannuel2021.hirondelle.org\/wp-content\/uploads\/2022\/05\/banner-empty-rapport-annuel-2.png\",\"contentUrl\":\"https:\/\/rapportannuel2021.hirondelle.org\/wp-content\/uploads\/2022\/05\/banner-empty-rapport-annuel-2.png\",\"width\":3000,\"height\":1000},{\"@type\":\"BreadcrumbList\",\"@id\":\"https:\/\/rapportannuel2021.hirondelle.org\/en\/legal-notice#breadcrumb\",\"itemListElement\":[{\"@type\":\"ListItem\",\"position\":1,\"name\":\"Home\",\"item\":\"https:\/\/rapportannuel2021.hirondelle.org\/en\"},{\"@type\":\"ListItem\",\"position\":2,\"name\":\"Legal Notice\"}]},{\"@type\":\"WebSite\",\"@id\":\"https:\/\/rapportannuel2021.hirondelle.org\/en#website\",\"url\":\"https:\/\/rapportannuel2021.hirondelle.org\/en\",\"name\":\"Annual Report 2021 - Fondation Hirondelle\",\"description\":\"\",\"potentialAction\":[{\"@type\":\"SearchAction\",\"target\":{\"@type\":\"EntryPoint\",\"urlTemplate\":\"https:\/\/rapportannuel2021.hirondelle.org\/en?s={search_term_string}\"},\"query-input\":{\"@type\":\"PropertyValueSpecification\",\"valueRequired\":true,\"valueName\":\"search_term_string\"}}],\"inLanguage\":\"en-US\"}]}<\/script>\n<!-- \/ Yoast SEO plugin. -->","yoast_head_json":{"title":"Legal Notice - Annual Report 2021 - Fondation Hirondelle","robots":{"index":"index","follow":"follow","max-snippet":"max-snippet:-1","max-image-preview":"max-image-preview:large","max-video-preview":"max-video-preview:-1"},"canonical":"https:\/\/rapportannuel2021.hirondelle.org\/en\/legal-notice","og_locale":"en_US","og_type":"article","og_title":"Legal Notice - Annual Report 2021 - Fondation Hirondelle","og_description":"DROITS D&#8217;AUTEURS ET DE DIFFUSION En vertu des dispositions relatives au droit d&#8217;auteur ainsi qu&#8217;\u00e0 la Loi suisse contre la concurrence d\u00e9loyale, la reproduction et diffusion d&#8217;articles, de photos de fichiers audio ou vid\u00e9os sous toutes formes sont interdites sans l\u2019autorisation pr\u00e9alable de la Fondation Hirondelle (sauf partage sur les r\u00e9seaux sociaux, notamment en utilisant [&hellip;]","og_url":"https:\/\/rapportannuel2021.hirondelle.org\/en\/legal-notice","og_site_name":"Annual Report 2021 - Fondation Hirondelle","article_modified_time":"2022-05-30T19:42:12+00:00","og_image":[{"width":3000,"height":1000,"url":"https:\/\/rapportannuel2021.hirondelle.org\/wp-content\/uploads\/2022\/05\/banner-empty-rapport-annuel-2.png","type":"image\/png"}],"twitter_card":"summary_large_image","twitter_misc":{"Est. reading time":"2 minutes"},"schema":{"@context":"https:\/\/schema.org","@graph":[{"@type":"WebPage","@id":"https:\/\/rapportannuel2021.hirondelle.org\/en\/legal-notice","url":"https:\/\/rapportannuel2021.hirondelle.org\/en\/legal-notice","name":"Legal Notice - Annual Report 2021 - Fondation Hirondelle","isPartOf":{"@id":"https:\/\/rapportannuel2021.hirondelle.org\/en#website"},"primaryImageOfPage":{"@id":"https:\/\/rapportannuel2021.hirondelle.org\/en\/legal-notice#primaryimage"},"image":{"@id":"https:\/\/rapportannuel2021.hirondelle.org\/en\/legal-notice#primaryimage"},"thumbnailUrl":"https:\/\/rapportannuel2021.hirondelle.org\/wp-content\/uploads\/2022\/05\/banner-empty-rapport-annuel-2.png","datePublished":"2022-05-12T16:18:34+00:00","dateModified":"2022-05-30T19:42:12+00:00","breadcrumb":{"@id":"https:\/\/rapportannuel2021.hirondelle.org\/en\/legal-notice#breadcrumb"},"inLanguage":"en-US","potentialAction":[{"@type":"ReadAction","target":["https:\/\/rapportannuel2021.hirondelle.org\/en\/legal-notice"]}]},{"@type":"ImageObject","inLanguage":"en-US","@id":"https:\/\/rapportannuel2021.hirondelle.org\/en\/legal-notice#primaryimage","url":"https:\/\/rapportannuel2021.hirondelle.org\/wp-content\/uploads\/2022\/05\/banner-empty-rapport-annuel-2.png","contentUrl":"https:\/\/rapportannuel2021.hirondelle.org\/wp-content\/uploads\/2022\/05\/banner-empty-rapport-annuel-2.png","width":3000,"height":1000},{"@type":"BreadcrumbList","@id":"https:\/\/rapportannuel2021.hirondelle.org\/en\/legal-notice#breadcrumb","itemListElement":[{"@type":"ListItem","position":1,"name":"Home","item":"https:\/\/rapportannuel2021.hirondelle.org\/en"},{"@type":"ListItem","position":2,"name":"Legal Notice"}]},{"@type":"WebSite","@id":"https:\/\/rapportannuel2021.hirondelle.org\/en#website","url":"https:\/\/rapportannuel2021.hirondelle.org\/en","name":"Annual Report 2021 - Fondation Hirondelle","description":"","potentialAction":[{"@type":"SearchAction","target":{"@type":"EntryPoint","urlTemplate":"https:\/\/rapportannuel2021.hirondelle.org\/en?s={search_term_string}"},"query-input":{"@type":"PropertyValueSpecification","valueRequired":true,"valueName":"search_term_string"}}],"inLanguage":"en-US"}]}},"_links":{"self":[{"href":"https:\/\/rapportannuel2021.hirondelle.org\/en\/wp-json\/wp\/v2\/pages\/605","targetHints":{"allow":["GET"]}}],"collection":[{"href":"https:\/\/rapportannuel2021.hirondelle.org\/en\/wp-json\/wp\/v2\/pages"}],"about":[{"href":"https:\/\/rapportannuel2021.hirondelle.org\/en\/wp-json\/wp\/v2\/types\/page"}],"author":[{"embeddable":true,"href":"https:\/\/rapportannuel2021.hirondelle.org\/en\/wp-json\/wp\/v2\/users\/6"}],"replies":[{"embeddable":true,"href":"https:\/\/rapportannuel2021.hirondelle.org\/en\/wp-json\/wp\/v2\/comments?post=605"}],"version-history":[{"count":3,"href":"https:\/\/rapportannuel2021.hirondelle.org\/en\/wp-json\/wp\/v2\/pages\/605\/revisions"}],"predecessor-version":[{"id":867,"href":"https:\/\/rapportannuel2021.hirondelle.org\/en\/wp-json\/wp\/v2\/pages\/605\/revisions\/867"}],"wp:featuredmedia":[{"embeddable":true,"href":"https:\/\/rapportannuel2021.hirondelle.org\/en\/wp-json\/wp\/v2\/media\/306"}],"wp:attachment":[{"href":"https:\/\/rapportannuel2021.hirondelle.org\/en\/wp-json\/wp\/v2\/media?parent=605"}],"curies":[{"name":"wp","href":"https:\/\/api.w.org\/{rel}","templated":true}]}}