{"id":591,"date":"2022-05-19T23:43:13","date_gmt":"2022-05-19T21:43:13","guid":{"rendered":"https:\/\/rapportannuel2021.hirondelle.org\/recherches-et-politiques-dappui-aux-medias"},"modified":"2022-06-02T10:55:05","modified_gmt":"2022-06-02T08:55:05","slug":"media-support-research-and-policies","status":"publish","type":"page","link":"https:\/\/rapportannuel2021.hirondelle.org\/en\/media-support-research-and-policies","title":{"rendered":"Research &#038; policy on media development"},"content":{"rendered":"<p>[vc_row][vc_column][vc_column_text]<\/p>\n<h2>MISINFORMATION AND SUSTAINABILITY AT THE HEART OF THE DEBATE<\/h2>\n<p><strong>In the world of media research, the year 2021 was marked by issues of misinformation, media sustainability, inclusion of marginalized populations, and the effectiveness of media support.<\/strong>[\/vc_column_text][\/vc_column][\/vc_row][vc_row][vc_column width=&#8221;1\/2&#8243;][vc_column_text]With the growth of digital spaces, misinformation is finding ever greater resonance. States and non-state actors exploit digital platforms to amplify polarizing content and divisions in the societies they seek to destabilize.<\/p>\n<p>This problem is not limited to social networks and is reinforced by the crisis of confidence in so-called traditional media and journalists. With the Covid pandemic, the economic crisis has led to a drop in advertising investments, which has been combined with the capture of these revenues by the Internet giants. As a study by BBC Media Action has pointed out, the result is a global threat of extinction for public service media.<sup>1<\/sup><\/p>\n<p>This comes as pressure mounts on the media to be more inclusive of their audiences, including more marginalized populations, and to make their journalism more participatory.<sup>2<\/sup><\/p>\n<p>Through its research and development activities, Fondation Hirondelle aims to make its modest contribution to understanding these issues.<\/p>\n<p>On the issue of misinformation, we are collaborating with the Institute for Strategic Dialogue and the Centre for the Analysis of Social Media, based in London, in the development of a tool to monitor (dis)information trends on Facebook. With the ICT for Peace Foundation (Geneva), we have also proposed to Switzerland that it seize the opportunity of its application to the United Nations Security Council to develop the standards of governance of digital spaces.<\/p>\n<p>Concerning media sustainability, we are working with Michel Leroy who is doing a PhD on the subject within the framework of the Medas 21 programme of the Alliance Ruhr University in Germany.<sup>3<\/sup>\u00a0He is analysing the efforts undertaken by Fondation Hirondelle to ensure the sustainability of its projects and promote this subject in the media support sector.[\/vc_column_text][\/vc_column][vc_column width=&#8221;1\/2&#8243;][vc_column_text]On the issue of inclusion, we are working with Dr. Emma Heywood, from the University of Sheffield, to better understand the expectations of women and youth regarding our productions in Mali, Niger and Burkina Faso.4 We have also collaborated with Dr. Heywood and Dr. Lassan\u00e9 Yam\u00e9ogo of the Thomas Sankara University in Ouagadougou on a project to better understand and address the information needs of internally displaced populations in Burkina Faso.<sup>5<\/sup><\/p>\n<p>This study showed that radio plays a protective role, providing a citizen\u2019s watch to assess the security situation; and that it promotes resilience and peaceful coexistence between IDPs and host communities.<sup>6<\/sup><\/p>\n<p>We are breaking new ground in our research methodologies with our first randomized controlled trial (RCT) study conducted in Madagascar with over 7,000 participants randomly assigned to a treatment group to measure the effects of our dialogue programs compared to a control group that was encouraged to listen to a \u201cplacebo\u201d program. This study, conducted with Dr. Jeff Conroy Krutz of the University of Michigan in 2021, won the Impact Award 2020 for its innovative design.<sup>7<\/sup><\/p>\n<p><small><em>(1) https:\/\/ifpim.org\/resources\/feasibility-study\/<br \/>\n(2) Cf. M\u00e9diation#8, \u201cListening to the voices of the public\u201d, https:\/\/www.hirondelle.org\/<br \/>\npdfviewer\/?lang=en&amp;id=502<br \/>\n(3) This programme funds seven doctorates in media development, including three in<br \/>\npartnership with Fondation Hirondelle, https:\/\/www.medas21.net\/<br \/>\n(4) https:\/\/www.femmepowermentafrique.com\/about<br \/>\n(5) https:\/\/www.elrha.org\/project\/internally-displaced-persons-radio-and-covidrelated-<br \/>\nmisinformation-in-burkina-faso\/<br \/>\n(6) Heywood &amp; Yameogo (2022) La radio et le d\u00e9fi de la mobilisation contre la COVID-19 :<br \/>\nexemple des Personnes d\u00e9plac\u00e9es internes \u00e0 Kaya, Pissila et Kongoussi au Burkina Faso,<br \/>\nRevue RadioMorphoses ; https:\/\/eprints.whiterose.ac.uk\/182731\/<br \/>\n(7) Awarded by the Center for Development and Cooperation at ETH Zurich with<br \/>\nfunding from the Swiss Development Cooperation.<\/em><\/small>[\/vc_column_text][\/vc_column][\/vc_row][vc_row][vc_column][vc_single_image image=&#8221;525&#8243; img_size=&#8221;full&#8221; add_caption=&#8221;yes&#8221; title=&#8221;Disinformation, economic viability, inclusion: Fondation Hirondelle aims to to contribute to understanding of these major issues of the media sector.&#8221;][vc_separator][\/vc_column][\/vc_row][vc_row][vc_column width=&#8221;1\/2&#8243;][vc_column_text]<\/p>\n<h2>ONGOING RESEARCH IN 2021<\/h2>\n<p>\u2022 Research in Mali, Niger and Burkina Faso, with Dr. Emma Heywood, University of Sheffield, on Studio Tamani, women and youth empowerment.<\/p>\n<p>\u2022 Research in Burkina Faso on Internally Displaced Persons (IDPs), radio and COVID-related misinformation, with Dr. Emma Heywood, University of Sheffield and Dr. Lassan\u00e9 Yam\u00e9ogo, University Thomas Sankara.<\/p>\n<p>\u2022 Evaluation of Studio Sifaka on engaging Malagasy youth through radio dialogue with Dr. Jeff Conroy-Krutz, Michigan State University.<\/p>\n<p>\u2022 Evaluation of Radio Ndeke Luka on countering disinformation and promoting democratic and peace process in CAR, with Dr. Jeff Conroy-Krutz, Michigan State University.<\/p>\n<p>\u2022 Result chain-oriented impact evaluation : How a radio programme in Niger achieved changes in knowledge, attitudes and practice of listeners about gender, with Christoph Spurk, Guido Keel and Dominique Barth, Institute of Applied Media Studies, Z\u00fcrich.<\/p>\n<p>\u2022 PhDs of the programme Media Development in the 21st Century (MEDAS 21):<br \/>\n&#8211; with Michel Leroy on sustainability and professionalization of community radios.<br \/>\n&#8211; with Fabiola Ortiz on radio projects and peacebuilding in CAR.<br \/>\n&#8211; with Roja Zaitoonie on the UNs\u2019 efforts on media in Peacekeeping operations.[\/vc_column_text][\/vc_column][vc_column width=&#8221;1\/2&#8243;][vc_single_image image=&#8221;532&#8243; img_size=&#8221;full&#8221; add_caption=&#8221;yes&#8221;][\/vc_column][vc_column][vc_separator][\/vc_column][\/vc_row][vc_row][vc_column width=&#8221;1\/2&#8243; el_class=&#8221;floatingColumn&#8221;][vc_column_text]<\/p>\n<h2>Monitoring, Evaluation, Accountability and Capitalization<\/h2>\n<p>In 2021, in accordance with its 2021-2024 strategic objectives, Fondation Hirondelle created a new unit dedicated to improving the quality of its monitoring, evaluation, accountability, and capitalization (MEAC) activities. The objectives of this unit are to develop and maintain our MEAC tools for each of our projects, and to provide technical support to their teams in this regard, from planning to evaluation. Accountability processes to external partners and donors and to our public will be strengthened. Our projects will have systematic access to the information and learning spaces generated by our monitoring and evaluation systems. This new unit will also support the Fondation Hirondelle-wide MEAC system, with regular reports on our 2021-2024 four-year strategy to senior management, and team moments dedicated to learning and reflecting on our results and achievements.[\/vc_column_text][\/vc_column][vc_column width=&#8221;1\/2&#8243;][vc_column_text]<\/p>\n<h2>Conferences and Pulications: Our contribution to the global media conversation<\/h2>\n<p>Monitoring and responding to misinformation, media and governance, migration and peacebuilding, combating gender stereotypes, information warfare in Africa, media as a catalyst for dialogue: these are just some of the topics we addressed, along with our partners, other media organizations, journalists and researchers, during the conferences, webinars, and workshops in which we participated in 2021. In total, we organized or actively participated in 26 face-to-face and online events during the year.<\/p>\n<p>Our contribution to the global conversation about the role of media and journalism was also reflected in our publications: our biannual Mediation, which gives voice to researchers, journalists, and media practitioners from all walks of life, and whose issues in 2021 were devoted to \u201cMedia for Education\u201d and \u201cMedia and Violence\u201d; as well as more targeted publications such as our policy paper \u201cSticking to the Facts, Building Trust: Our Response to Misinformation\u201d. We have promoted this approach even more actively within the media and NGO networks to which we belong, such as the Global Forum for Media Development (GFMD), of which our Executive Director is a member of the Steering Committee.[\/vc_column_text][\/vc_column][\/vc_row]<\/p>\n","protected":false},"excerpt":{"rendered":"<p>[vc_row][vc_column][vc_column_text] MISINFORMATION AND SUSTAINABILITY AT THE HEART OF THE DEBATE In the world of media research, the year 2021 was marked by issues of misinformation, media sustainability, inclusion of marginalized populations, and the effectiveness of media support.[\/vc_column_text][\/vc_column][\/vc_row][vc_row][vc_column width=&#8221;1\/2&#8243;][vc_column_text]With the growth of digital spaces, misinformation is finding ever greater resonance. States and non-state actors exploit digital [&hellip;]<\/p>\n","protected":false},"author":6,"featured_media":523,"parent":0,"menu_order":0,"comment_status":"closed","ping_status":"closed","template":"","meta":{"footnotes":""},"class_list":["post-591","page","type-page","status-publish","hentry"],"yoast_head":"<!-- This site is optimized with the Yoast SEO plugin v25.3.1 - https:\/\/yoast.com\/wordpress\/plugins\/seo\/ -->\n<title>Research &amp; policy on media development - Annual Report 2021 - Fondation Hirondelle<\/title>\n<meta name=\"robots\" content=\"index, follow, max-snippet:-1, max-image-preview:large, max-video-preview:-1\" \/>\n<link rel=\"canonical\" href=\"https:\/\/rapportannuel2021.hirondelle.org\/en\/media-support-research-and-policies\" \/>\n<meta property=\"og:locale\" content=\"en_US\" \/>\n<meta property=\"og:type\" content=\"article\" \/>\n<meta property=\"og:title\" content=\"Research &amp; policy on media development - Annual Report 2021 - Fondation Hirondelle\" \/>\n<meta property=\"og:description\" content=\"[vc_row][vc_column][vc_column_text] MISINFORMATION AND SUSTAINABILITY AT THE HEART OF THE DEBATE In the world of media research, the year 2021 was marked by issues of misinformation, media sustainability, inclusion of marginalized populations, and the effectiveness of media support.[\/vc_column_text][\/vc_column][\/vc_row][vc_row][vc_column width=&#8221;1\/2&#8243;][vc_column_text]With the growth of digital spaces, misinformation is finding ever greater resonance. States and non-state actors exploit digital [&hellip;]\" \/>\n<meta property=\"og:url\" content=\"https:\/\/rapportannuel2021.hirondelle.org\/en\/media-support-research-and-policies\" \/>\n<meta property=\"og:site_name\" content=\"Annual Report 2021 - Fondation Hirondelle\" \/>\n<meta property=\"article:modified_time\" content=\"2022-06-02T08:55:05+00:00\" \/>\n<meta property=\"og:image\" content=\"https:\/\/rapportannuel2021.hirondelle.org\/wp-content\/uploads\/2022\/05\/banner-recherche-1-scaled.jpg\" \/>\n\t<meta property=\"og:image:width\" content=\"2560\" \/>\n\t<meta property=\"og:image:height\" content=\"1447\" \/>\n\t<meta property=\"og:image:type\" content=\"image\/jpeg\" \/>\n<meta name=\"twitter:card\" content=\"summary_large_image\" \/>\n<meta name=\"twitter:label1\" content=\"Est. reading time\" \/>\n\t<meta name=\"twitter:data1\" content=\"7 minutes\" \/>\n<script type=\"application\/ld+json\" class=\"yoast-schema-graph\">{\"@context\":\"https:\/\/schema.org\",\"@graph\":[{\"@type\":\"WebPage\",\"@id\":\"https:\/\/rapportannuel2021.hirondelle.org\/en\/media-support-research-and-policies\",\"url\":\"https:\/\/rapportannuel2021.hirondelle.org\/en\/media-support-research-and-policies\",\"name\":\"Research & policy on media development - Annual Report 2021 - Fondation Hirondelle\",\"isPartOf\":{\"@id\":\"https:\/\/rapportannuel2021.hirondelle.org\/en#website\"},\"primaryImageOfPage\":{\"@id\":\"https:\/\/rapportannuel2021.hirondelle.org\/en\/media-support-research-and-policies#primaryimage\"},\"image\":{\"@id\":\"https:\/\/rapportannuel2021.hirondelle.org\/en\/media-support-research-and-policies#primaryimage\"},\"thumbnailUrl\":\"https:\/\/rapportannuel2021.hirondelle.org\/wp-content\/uploads\/2022\/05\/banner-recherche-1-scaled.jpg\",\"datePublished\":\"2022-05-19T21:43:13+00:00\",\"dateModified\":\"2022-06-02T08:55:05+00:00\",\"breadcrumb\":{\"@id\":\"https:\/\/rapportannuel2021.hirondelle.org\/en\/media-support-research-and-policies#breadcrumb\"},\"inLanguage\":\"en-US\",\"potentialAction\":[{\"@type\":\"ReadAction\",\"target\":[\"https:\/\/rapportannuel2021.hirondelle.org\/en\/media-support-research-and-policies\"]}]},{\"@type\":\"ImageObject\",\"inLanguage\":\"en-US\",\"@id\":\"https:\/\/rapportannuel2021.hirondelle.org\/en\/media-support-research-and-policies#primaryimage\",\"url\":\"https:\/\/rapportannuel2021.hirondelle.org\/wp-content\/uploads\/2022\/05\/banner-recherche-1-scaled.jpg\",\"contentUrl\":\"https:\/\/rapportannuel2021.hirondelle.org\/wp-content\/uploads\/2022\/05\/banner-recherche-1-scaled.jpg\",\"width\":2560,\"height\":1447,\"caption\":\"The talk-show \u201cLet\u2019s talk about the coronavirus\u201d recorded on an IDP site in Kaya, Burkina Faso \u00a9 Olympia de Maismont \/ Fondation Hirondelle\"},{\"@type\":\"BreadcrumbList\",\"@id\":\"https:\/\/rapportannuel2021.hirondelle.org\/en\/media-support-research-and-policies#breadcrumb\",\"itemListElement\":[{\"@type\":\"ListItem\",\"position\":1,\"name\":\"Home\",\"item\":\"https:\/\/rapportannuel2021.hirondelle.org\/en\"},{\"@type\":\"ListItem\",\"position\":2,\"name\":\"Research &#038; policy on media development\"}]},{\"@type\":\"WebSite\",\"@id\":\"https:\/\/rapportannuel2021.hirondelle.org\/en#website\",\"url\":\"https:\/\/rapportannuel2021.hirondelle.org\/en\",\"name\":\"Annual Report 2021 - Fondation Hirondelle\",\"description\":\"\",\"potentialAction\":[{\"@type\":\"SearchAction\",\"target\":{\"@type\":\"EntryPoint\",\"urlTemplate\":\"https:\/\/rapportannuel2021.hirondelle.org\/en?s={search_term_string}\"},\"query-input\":{\"@type\":\"PropertyValueSpecification\",\"valueRequired\":true,\"valueName\":\"search_term_string\"}}],\"inLanguage\":\"en-US\"}]}<\/script>\n<!-- \/ Yoast SEO plugin. -->","yoast_head_json":{"title":"Research & policy on media development - Annual Report 2021 - Fondation Hirondelle","robots":{"index":"index","follow":"follow","max-snippet":"max-snippet:-1","max-image-preview":"max-image-preview:large","max-video-preview":"max-video-preview:-1"},"canonical":"https:\/\/rapportannuel2021.hirondelle.org\/en\/media-support-research-and-policies","og_locale":"en_US","og_type":"article","og_title":"Research & policy on media development - Annual Report 2021 - Fondation Hirondelle","og_description":"[vc_row][vc_column][vc_column_text] MISINFORMATION AND SUSTAINABILITY AT THE HEART OF THE DEBATE In the world of media research, the year 2021 was marked by issues of misinformation, media sustainability, inclusion of marginalized populations, and the effectiveness of media support.[\/vc_column_text][\/vc_column][\/vc_row][vc_row][vc_column width=&#8221;1\/2&#8243;][vc_column_text]With the growth of digital spaces, misinformation is finding ever greater resonance. States and non-state actors exploit digital [&hellip;]","og_url":"https:\/\/rapportannuel2021.hirondelle.org\/en\/media-support-research-and-policies","og_site_name":"Annual Report 2021 - Fondation Hirondelle","article_modified_time":"2022-06-02T08:55:05+00:00","og_image":[{"width":2560,"height":1447,"url":"https:\/\/rapportannuel2021.hirondelle.org\/wp-content\/uploads\/2022\/05\/banner-recherche-1-scaled.jpg","type":"image\/jpeg"}],"twitter_card":"summary_large_image","twitter_misc":{"Est. reading time":"7 minutes"},"schema":{"@context":"https:\/\/schema.org","@graph":[{"@type":"WebPage","@id":"https:\/\/rapportannuel2021.hirondelle.org\/en\/media-support-research-and-policies","url":"https:\/\/rapportannuel2021.hirondelle.org\/en\/media-support-research-and-policies","name":"Research & policy on media development - Annual Report 2021 - Fondation Hirondelle","isPartOf":{"@id":"https:\/\/rapportannuel2021.hirondelle.org\/en#website"},"primaryImageOfPage":{"@id":"https:\/\/rapportannuel2021.hirondelle.org\/en\/media-support-research-and-policies#primaryimage"},"image":{"@id":"https:\/\/rapportannuel2021.hirondelle.org\/en\/media-support-research-and-policies#primaryimage"},"thumbnailUrl":"https:\/\/rapportannuel2021.hirondelle.org\/wp-content\/uploads\/2022\/05\/banner-recherche-1-scaled.jpg","datePublished":"2022-05-19T21:43:13+00:00","dateModified":"2022-06-02T08:55:05+00:00","breadcrumb":{"@id":"https:\/\/rapportannuel2021.hirondelle.org\/en\/media-support-research-and-policies#breadcrumb"},"inLanguage":"en-US","potentialAction":[{"@type":"ReadAction","target":["https:\/\/rapportannuel2021.hirondelle.org\/en\/media-support-research-and-policies"]}]},{"@type":"ImageObject","inLanguage":"en-US","@id":"https:\/\/rapportannuel2021.hirondelle.org\/en\/media-support-research-and-policies#primaryimage","url":"https:\/\/rapportannuel2021.hirondelle.org\/wp-content\/uploads\/2022\/05\/banner-recherche-1-scaled.jpg","contentUrl":"https:\/\/rapportannuel2021.hirondelle.org\/wp-content\/uploads\/2022\/05\/banner-recherche-1-scaled.jpg","width":2560,"height":1447,"caption":"The talk-show \u201cLet\u2019s talk about the coronavirus\u201d recorded on an IDP site in Kaya, Burkina Faso \u00a9 Olympia de Maismont \/ Fondation Hirondelle"},{"@type":"BreadcrumbList","@id":"https:\/\/rapportannuel2021.hirondelle.org\/en\/media-support-research-and-policies#breadcrumb","itemListElement":[{"@type":"ListItem","position":1,"name":"Home","item":"https:\/\/rapportannuel2021.hirondelle.org\/en"},{"@type":"ListItem","position":2,"name":"Research &#038; policy on media development"}]},{"@type":"WebSite","@id":"https:\/\/rapportannuel2021.hirondelle.org\/en#website","url":"https:\/\/rapportannuel2021.hirondelle.org\/en","name":"Annual Report 2021 - Fondation Hirondelle","description":"","potentialAction":[{"@type":"SearchAction","target":{"@type":"EntryPoint","urlTemplate":"https:\/\/rapportannuel2021.hirondelle.org\/en?s={search_term_string}"},"query-input":{"@type":"PropertyValueSpecification","valueRequired":true,"valueName":"search_term_string"}}],"inLanguage":"en-US"}]}},"_links":{"self":[{"href":"https:\/\/rapportannuel2021.hirondelle.org\/en\/wp-json\/wp\/v2\/pages\/591","targetHints":{"allow":["GET"]}}],"collection":[{"href":"https:\/\/rapportannuel2021.hirondelle.org\/en\/wp-json\/wp\/v2\/pages"}],"about":[{"href":"https:\/\/rapportannuel2021.hirondelle.org\/en\/wp-json\/wp\/v2\/types\/page"}],"author":[{"embeddable":true,"href":"https:\/\/rapportannuel2021.hirondelle.org\/en\/wp-json\/wp\/v2\/users\/6"}],"replies":[{"embeddable":true,"href":"https:\/\/rapportannuel2021.hirondelle.org\/en\/wp-json\/wp\/v2\/comments?post=591"}],"version-history":[{"count":19,"href":"https:\/\/rapportannuel2021.hirondelle.org\/en\/wp-json\/wp\/v2\/pages\/591\/revisions"}],"predecessor-version":[{"id":955,"href":"https:\/\/rapportannuel2021.hirondelle.org\/en\/wp-json\/wp\/v2\/pages\/591\/revisions\/955"}],"wp:featuredmedia":[{"embeddable":true,"href":"https:\/\/rapportannuel2021.hirondelle.org\/en\/wp-json\/wp\/v2\/media\/523"}],"wp:attachment":[{"href":"https:\/\/rapportannuel2021.hirondelle.org\/en\/wp-json\/wp\/v2\/media?parent=591"}],"curies":[{"name":"wp","href":"https:\/\/api.w.org\/{rel}","templated":true}]}}