{"id":560,"date":"2022-05-17T15:26:43","date_gmt":"2022-05-17T13:26:43","guid":{"rendered":"https:\/\/rapportannuel2021.hirondelle.org\/soutien-aux-medias\/madagascar-studio-sifaka"},"modified":"2022-05-24T15:19:14","modified_gmt":"2022-05-24T13:19:14","slug":"madagascar-studio-sifaka","status":"publish","type":"page","link":"https:\/\/rapportannuel2021.hirondelle.org\/en\/supporting-independent-media-in-fragile-countries\/madagascar-studio-sifaka","title":{"rendered":"Madagascar &#8211; Studio Sifaka"},"content":{"rendered":"<p>[vc_row][vc_column width=&#8221;1\/3&#8243;][vc_single_image image=&#8221;337&#8243; img_size=&#8221;large&#8221; css=&#8221;.vc_custom_1652795189225{margin-top: 10px !important;margin-bottom: 25px !important;}&#8221; el_class=&#8221;fullWidthImageContainer&#8221;][vc_row_inner][vc_column_inner el_class=&#8221;floatingColumn&#8221;][vc_column_text]Studio Sifaka is a radio programme for and by young people, created in 2019 by the United Nations in Madagascar, in partnership with Fondation Hirondelle. Its implementation was made possible by funding from the United Nations Peacebuilding Fund under the Gender and Youth Promotion Initiative (GYPI). As of summer 2021, Studio Sifaka is an independent NGO under Malagasy law. Fondation Hirondelle remains a partner in many ways, contractually and also in human terms through a relationship of trust and mutual support that has been built over the past two years.<\/p>\n<p>Studio Sifaka aims to improve young women\u2019s and men\u2019s access to reliable, quality information while making their voices heard, thus contributing to peace building in Madagascar. Since its inception, Studio Sifaka has produced \u201cFeon\u2019ny tanora maroloko,\u201d a two-hour daily radio programme in Malagasy and French for the youth of Madagascar. Content includes a national and regional news bulletin as well as programmes dedicated to advice (health, employment, etc.), dialogue, music and Malagasy culture. It also produces articles and videos for the Web.<\/p>\n<hr \/>\n<h4>Financial Volume<\/h4>\n<p>478 417 CHF<\/p>\n<h4>Sources of Funding<\/h4>\n<p>\u2022 Switzerland (SDC mandate)<br \/>\n\u2022 Switzerland (SDC Programme contribution)<br \/>\n\u2022 FEDEVACO (F\u00e9d\u00e9ration vaudoise de coop\u00e9ration)<br \/>\n\u2022 UNDP<br \/>\n\u2022 Fondation Temperatio<br \/>\n\u2022 Private donations<\/p>\n<hr \/>\n<p><a href=\"https:\/\/www.studiosifaka.org\" target=\"_blank\" rel=\"noopener\">studiosifaka.org<\/a>[\/vc_column_text][vc_raw_html]JTNDZGl2JTIwc3R5bGUlM0QlMjJtYXJnaW4tdG9wJTNBLTEwcHglM0IlMjIlM0UlMEElMjAlMjAlMjAlMjAlM0NhJTIwaHJlZiUzRCUyMmh0dHBzJTNBJTJGJTJGd3d3LmZhY2Vib29rLmNvbSUyRlN0dWRpb1NpZmFrYSUyRiUyMiUyMHRhcmdldCUzRCUyMl9ibGFuayUyMiUzRSUzQ2klMjBzdHlsZSUzRCUyMmZvbnQtc2l6ZSUzQTI3cHglM0JtYXJnaW4lM0EwJTIwMTBweCUyMDAlMjAwJTNCJTIyJTIwY2xhc3MlM0QlMjJpY29uJTIwaWNvbiUyMGljb24tZmFjZWJvb2stc3F1YXJlJTIyJTNFJTNDJTJGaSUzRSUzQyUyRmElM0UlMEElMjAlMjAlMjAlMjAlM0NhJTIwaHJlZiUzRCUyMmh0dHBzJTNBJTJGJTJGdHdpdHRlci5jb20lMkZTdHVkaW9TaWZha2ElMjIlMjB0YXJnZXQlM0QlMjJfYmxhbmslMjIlM0UlM0NpJTIwc3R5bGUlM0QlMjJmb250LXNpemUlM0EyN3B4JTNCbWFyZ2luJTNBMCUyMDEwcHglMjAwJTIwMCUzQiUyMiUyMGNsYXNzJTNEJTIyaWNvbiUyMGljb24lMjBpY29uLXR3aXR0ZXItc3F1YXJlJTIyJTNFJTNDJTJGaSUzRSUzQyUyRmElM0UlMEElM0MlMkZkaXYlM0U=[\/vc_raw_html][\/vc_column_inner][\/vc_row_inner][\/vc_column][vc_column width=&#8221;2\/3&#8243;][vc_column_text]<\/p>\n<h2>MOVING TOWARDS AUTONOMY AND SUSTAINABILITY<\/h2>\n<p>The NGO Studio Sifaka became independent in mid-2021. This transition marked a real change for the teams at the managerial, editorial and administrative levels. The new team was able to learn from almost two years of existence as a project, and become a solid and functional NGO.<\/p>\n<p>Despite this major change, Studio Sifaka has never stopped producing two hours of daily programmes, as well as articles and videos relayed on the Internet. This content includes information on development, human rights and peacebuilding.<\/p>\n<p>Its productions are broadcast via a network of radio partners, on social networks and the website. They are also accessible via a free number, provided by the social enterprise VIAMO, specialized in the broadcasting of general interest content by cell phone. By the end of 2021, we had 28 partner radios, spread throughout the territory of Madagascar. Studio Sifaka has become a platform for young people and vulnerable populations who need a space to express themselves but are often excluded from the media landscape. Thus, Studio Sifaka has given priority to producing information on youth initiatives, so as to promote young people\u2019s empowerment and participation in development, health, environment and pluralism, as well as debates focused on their concerns.<\/p>\n<blockquote><p><strong>I realized that some of my friends didn\u2019t listen to the radio before, but now they are always there, at the same time, to listen to the programmes of Studio Sifaka. It\u2019s a kind of meeting place for us, and we get together to listen and comment on what they say on the radio. Sometimes the discussions go on afterwards. There is so much content and new things that we learn every day that open our eyes.<\/strong><br \/>\nA young listener, in Vohipeno, Vatovavy Region, during a focus group<\/p><\/blockquote>\n<p>Studio Sifaka\u2019s productions are now a reference for several local news media: TV Plus Madagascar, MBS, the 24h Mada Facebook page, as well as various public discussion groups on social networks.<\/p>\n<p>In future, the goal is for the NGO Studio Sifaka to become a benchmark media in Madagascar, and for it to become an autonomous and perennial organization. To this end, Fondation Hirondelle will support the studio in building its capacities and establishing a stable institutional and editorial structure.[\/vc_column_text][vc_single_image image=&#8221;349&#8243; img_size=&#8221;full&#8221; add_caption=&#8221;yes&#8221;][\/vc_column][vc_column][\/vc_column][\/vc_row]<\/p>\n","protected":false},"excerpt":{"rendered":"<p>[vc_row][vc_column width=&#8221;1\/3&#8243;][vc_single_image image=&#8221;337&#8243; img_size=&#8221;large&#8221; css=&#8221;.vc_custom_1652795189225{margin-top: 10px !important;margin-bottom: 25px !important;}&#8221; el_class=&#8221;fullWidthImageContainer&#8221;][vc_row_inner][vc_column_inner el_class=&#8221;floatingColumn&#8221;][vc_column_text]Studio Sifaka is a radio programme for and by young people, created in 2019 by the United Nations in Madagascar, in partnership with Fondation Hirondelle. Its implementation was made possible by funding from the United Nations Peacebuilding Fund under the Gender and Youth Promotion Initiative [&hellip;]<\/p>\n","protected":false},"author":6,"featured_media":342,"parent":559,"menu_order":1,"comment_status":"closed","ping_status":"closed","template":"","meta":{"footnotes":""},"class_list":["post-560","page","type-page","status-publish","hentry"],"yoast_head":"<!-- This site is optimized with the Yoast SEO plugin v25.3.1 - https:\/\/yoast.com\/wordpress\/plugins\/seo\/ -->\n<title>Madagascar - Studio Sifaka - Annual Report 2021 - Fondation Hirondelle<\/title>\n<meta name=\"robots\" content=\"index, follow, max-snippet:-1, max-image-preview:large, max-video-preview:-1\" \/>\n<link rel=\"canonical\" href=\"https:\/\/rapportannuel2021.hirondelle.org\/en\/supporting-independent-media-in-fragile-countries\/madagascar-studio-sifaka\" \/>\n<meta property=\"og:locale\" content=\"en_US\" \/>\n<meta property=\"og:type\" content=\"article\" \/>\n<meta property=\"og:title\" content=\"Madagascar - Studio Sifaka - Annual Report 2021 - Fondation Hirondelle\" \/>\n<meta property=\"og:description\" content=\"[vc_row][vc_column width=&#8221;1\/3&#8243;][vc_single_image image=&#8221;337&#8243; img_size=&#8221;large&#8221; css=&#8221;.vc_custom_1652795189225{margin-top: 10px !important;margin-bottom: 25px !important;}&#8221; el_class=&#8221;fullWidthImageContainer&#8221;][vc_row_inner][vc_column_inner el_class=&#8221;floatingColumn&#8221;][vc_column_text]Studio Sifaka is a radio programme for and by young people, created in 2019 by the United Nations in Madagascar, in partnership with Fondation Hirondelle. Its implementation was made possible by funding from the United Nations Peacebuilding Fund under the Gender and Youth Promotion Initiative [&hellip;]\" \/>\n<meta property=\"og:url\" content=\"https:\/\/rapportannuel2021.hirondelle.org\/en\/supporting-independent-media-in-fragile-countries\/madagascar-studio-sifaka\" \/>\n<meta property=\"og:site_name\" content=\"Annual Report 2021 - Fondation Hirondelle\" \/>\n<meta property=\"article:modified_time\" content=\"2022-05-24T13:19:14+00:00\" \/>\n<meta property=\"og:image\" content=\"https:\/\/rapportannuel2021.hirondelle.org\/wp-content\/uploads\/2022\/05\/banner-sifaka-scaled.jpg\" \/>\n\t<meta property=\"og:image:width\" content=\"2560\" \/>\n\t<meta property=\"og:image:height\" content=\"1707\" \/>\n\t<meta property=\"og:image:type\" content=\"image\/jpeg\" \/>\n<meta name=\"twitter:card\" content=\"summary_large_image\" \/>\n<meta name=\"twitter:label1\" content=\"Est. reading time\" \/>\n\t<meta name=\"twitter:data1\" content=\"4 minutes\" \/>\n<script type=\"application\/ld+json\" class=\"yoast-schema-graph\">{\"@context\":\"https:\/\/schema.org\",\"@graph\":[{\"@type\":\"WebPage\",\"@id\":\"https:\/\/rapportannuel2021.hirondelle.org\/en\/supporting-independent-media-in-fragile-countries\/madagascar-studio-sifaka\",\"url\":\"https:\/\/rapportannuel2021.hirondelle.org\/en\/supporting-independent-media-in-fragile-countries\/madagascar-studio-sifaka\",\"name\":\"Madagascar - Studio Sifaka - Annual Report 2021 - Fondation Hirondelle\",\"isPartOf\":{\"@id\":\"https:\/\/rapportannuel2021.hirondelle.org\/en#website\"},\"primaryImageOfPage\":{\"@id\":\"https:\/\/rapportannuel2021.hirondelle.org\/en\/supporting-independent-media-in-fragile-countries\/madagascar-studio-sifaka#primaryimage\"},\"image\":{\"@id\":\"https:\/\/rapportannuel2021.hirondelle.org\/en\/supporting-independent-media-in-fragile-countries\/madagascar-studio-sifaka#primaryimage\"},\"thumbnailUrl\":\"https:\/\/rapportannuel2021.hirondelle.org\/wp-content\/uploads\/2022\/05\/banner-sifaka-scaled.jpg\",\"datePublished\":\"2022-05-17T13:26:43+00:00\",\"dateModified\":\"2022-05-24T13:19:14+00:00\",\"breadcrumb\":{\"@id\":\"https:\/\/rapportannuel2021.hirondelle.org\/en\/supporting-independent-media-in-fragile-countries\/madagascar-studio-sifaka#breadcrumb\"},\"inLanguage\":\"en-US\",\"potentialAction\":[{\"@type\":\"ReadAction\",\"target\":[\"https:\/\/rapportannuel2021.hirondelle.org\/en\/supporting-independent-media-in-fragile-countries\/madagascar-studio-sifaka\"]}]},{\"@type\":\"ImageObject\",\"inLanguage\":\"en-US\",\"@id\":\"https:\/\/rapportannuel2021.hirondelle.org\/en\/supporting-independent-media-in-fragile-countries\/madagascar-studio-sifaka#primaryimage\",\"url\":\"https:\/\/rapportannuel2021.hirondelle.org\/wp-content\/uploads\/2022\/05\/banner-sifaka-scaled.jpg\",\"contentUrl\":\"https:\/\/rapportannuel2021.hirondelle.org\/wp-content\/uploads\/2022\/05\/banner-sifaka-scaled.jpg\",\"width\":2560,\"height\":1707,\"caption\":\"Studio Sifaka - Cap 3000 Andraharo - Antananarivo, Madagascar \u00a9 Iako Randrianarivelo \/ Fondation Hirondelle\"},{\"@type\":\"BreadcrumbList\",\"@id\":\"https:\/\/rapportannuel2021.hirondelle.org\/en\/supporting-independent-media-in-fragile-countries\/madagascar-studio-sifaka#breadcrumb\",\"itemListElement\":[{\"@type\":\"ListItem\",\"position\":1,\"name\":\"Home\",\"item\":\"https:\/\/rapportannuel2021.hirondelle.org\/en\"},{\"@type\":\"ListItem\",\"position\":2,\"name\":\"Supporting independent media in fragile countries\",\"item\":\"https:\/\/rapportannuel2021.hirondelle.org\/en\/supporting-independent-media-in-fragile-countries\"},{\"@type\":\"ListItem\",\"position\":3,\"name\":\"Madagascar &#8211; Studio Sifaka\"}]},{\"@type\":\"WebSite\",\"@id\":\"https:\/\/rapportannuel2021.hirondelle.org\/en#website\",\"url\":\"https:\/\/rapportannuel2021.hirondelle.org\/en\",\"name\":\"Annual Report 2021 - Fondation Hirondelle\",\"description\":\"\",\"potentialAction\":[{\"@type\":\"SearchAction\",\"target\":{\"@type\":\"EntryPoint\",\"urlTemplate\":\"https:\/\/rapportannuel2021.hirondelle.org\/en?s={search_term_string}\"},\"query-input\":{\"@type\":\"PropertyValueSpecification\",\"valueRequired\":true,\"valueName\":\"search_term_string\"}}],\"inLanguage\":\"en-US\"}]}<\/script>\n<!-- \/ Yoast SEO plugin. -->","yoast_head_json":{"title":"Madagascar - Studio Sifaka - Annual Report 2021 - Fondation Hirondelle","robots":{"index":"index","follow":"follow","max-snippet":"max-snippet:-1","max-image-preview":"max-image-preview:large","max-video-preview":"max-video-preview:-1"},"canonical":"https:\/\/rapportannuel2021.hirondelle.org\/en\/supporting-independent-media-in-fragile-countries\/madagascar-studio-sifaka","og_locale":"en_US","og_type":"article","og_title":"Madagascar - Studio Sifaka - Annual Report 2021 - Fondation Hirondelle","og_description":"[vc_row][vc_column width=&#8221;1\/3&#8243;][vc_single_image image=&#8221;337&#8243; img_size=&#8221;large&#8221; css=&#8221;.vc_custom_1652795189225{margin-top: 10px !important;margin-bottom: 25px !important;}&#8221; el_class=&#8221;fullWidthImageContainer&#8221;][vc_row_inner][vc_column_inner el_class=&#8221;floatingColumn&#8221;][vc_column_text]Studio Sifaka is a radio programme for and by young people, created in 2019 by the United Nations in Madagascar, in partnership with Fondation Hirondelle. Its implementation was made possible by funding from the United Nations Peacebuilding Fund under the Gender and Youth Promotion Initiative [&hellip;]","og_url":"https:\/\/rapportannuel2021.hirondelle.org\/en\/supporting-independent-media-in-fragile-countries\/madagascar-studio-sifaka","og_site_name":"Annual Report 2021 - Fondation Hirondelle","article_modified_time":"2022-05-24T13:19:14+00:00","og_image":[{"width":2560,"height":1707,"url":"https:\/\/rapportannuel2021.hirondelle.org\/wp-content\/uploads\/2022\/05\/banner-sifaka-scaled.jpg","type":"image\/jpeg"}],"twitter_card":"summary_large_image","twitter_misc":{"Est. reading time":"4 minutes"},"schema":{"@context":"https:\/\/schema.org","@graph":[{"@type":"WebPage","@id":"https:\/\/rapportannuel2021.hirondelle.org\/en\/supporting-independent-media-in-fragile-countries\/madagascar-studio-sifaka","url":"https:\/\/rapportannuel2021.hirondelle.org\/en\/supporting-independent-media-in-fragile-countries\/madagascar-studio-sifaka","name":"Madagascar - Studio Sifaka - Annual Report 2021 - Fondation Hirondelle","isPartOf":{"@id":"https:\/\/rapportannuel2021.hirondelle.org\/en#website"},"primaryImageOfPage":{"@id":"https:\/\/rapportannuel2021.hirondelle.org\/en\/supporting-independent-media-in-fragile-countries\/madagascar-studio-sifaka#primaryimage"},"image":{"@id":"https:\/\/rapportannuel2021.hirondelle.org\/en\/supporting-independent-media-in-fragile-countries\/madagascar-studio-sifaka#primaryimage"},"thumbnailUrl":"https:\/\/rapportannuel2021.hirondelle.org\/wp-content\/uploads\/2022\/05\/banner-sifaka-scaled.jpg","datePublished":"2022-05-17T13:26:43+00:00","dateModified":"2022-05-24T13:19:14+00:00","breadcrumb":{"@id":"https:\/\/rapportannuel2021.hirondelle.org\/en\/supporting-independent-media-in-fragile-countries\/madagascar-studio-sifaka#breadcrumb"},"inLanguage":"en-US","potentialAction":[{"@type":"ReadAction","target":["https:\/\/rapportannuel2021.hirondelle.org\/en\/supporting-independent-media-in-fragile-countries\/madagascar-studio-sifaka"]}]},{"@type":"ImageObject","inLanguage":"en-US","@id":"https:\/\/rapportannuel2021.hirondelle.org\/en\/supporting-independent-media-in-fragile-countries\/madagascar-studio-sifaka#primaryimage","url":"https:\/\/rapportannuel2021.hirondelle.org\/wp-content\/uploads\/2022\/05\/banner-sifaka-scaled.jpg","contentUrl":"https:\/\/rapportannuel2021.hirondelle.org\/wp-content\/uploads\/2022\/05\/banner-sifaka-scaled.jpg","width":2560,"height":1707,"caption":"Studio Sifaka - Cap 3000 Andraharo - Antananarivo, Madagascar \u00a9 Iako Randrianarivelo \/ Fondation Hirondelle"},{"@type":"BreadcrumbList","@id":"https:\/\/rapportannuel2021.hirondelle.org\/en\/supporting-independent-media-in-fragile-countries\/madagascar-studio-sifaka#breadcrumb","itemListElement":[{"@type":"ListItem","position":1,"name":"Home","item":"https:\/\/rapportannuel2021.hirondelle.org\/en"},{"@type":"ListItem","position":2,"name":"Supporting independent media in fragile countries","item":"https:\/\/rapportannuel2021.hirondelle.org\/en\/supporting-independent-media-in-fragile-countries"},{"@type":"ListItem","position":3,"name":"Madagascar &#8211; Studio Sifaka"}]},{"@type":"WebSite","@id":"https:\/\/rapportannuel2021.hirondelle.org\/en#website","url":"https:\/\/rapportannuel2021.hirondelle.org\/en","name":"Annual Report 2021 - Fondation Hirondelle","description":"","potentialAction":[{"@type":"SearchAction","target":{"@type":"EntryPoint","urlTemplate":"https:\/\/rapportannuel2021.hirondelle.org\/en?s={search_term_string}"},"query-input":{"@type":"PropertyValueSpecification","valueRequired":true,"valueName":"search_term_string"}}],"inLanguage":"en-US"}]}},"_links":{"self":[{"href":"https:\/\/rapportannuel2021.hirondelle.org\/en\/wp-json\/wp\/v2\/pages\/560","targetHints":{"allow":["GET"]}}],"collection":[{"href":"https:\/\/rapportannuel2021.hirondelle.org\/en\/wp-json\/wp\/v2\/pages"}],"about":[{"href":"https:\/\/rapportannuel2021.hirondelle.org\/en\/wp-json\/wp\/v2\/types\/page"}],"author":[{"embeddable":true,"href":"https:\/\/rapportannuel2021.hirondelle.org\/en\/wp-json\/wp\/v2\/users\/6"}],"replies":[{"embeddable":true,"href":"https:\/\/rapportannuel2021.hirondelle.org\/en\/wp-json\/wp\/v2\/comments?post=560"}],"version-history":[{"count":4,"href":"https:\/\/rapportannuel2021.hirondelle.org\/en\/wp-json\/wp\/v2\/pages\/560\/revisions"}],"predecessor-version":[{"id":688,"href":"https:\/\/rapportannuel2021.hirondelle.org\/en\/wp-json\/wp\/v2\/pages\/560\/revisions\/688"}],"up":[{"embeddable":true,"href":"https:\/\/rapportannuel2021.hirondelle.org\/en\/wp-json\/wp\/v2\/pages\/559"}],"wp:featuredmedia":[{"embeddable":true,"href":"https:\/\/rapportannuel2021.hirondelle.org\/en\/wp-json\/wp\/v2\/media\/342"}],"wp:attachment":[{"href":"https:\/\/rapportannuel2021.hirondelle.org\/en\/wp-json\/wp\/v2\/media?parent=560"}],"curies":[{"name":"wp","href":"https:\/\/api.w.org\/{rel}","templated":true}]}}