{"id":550,"date":"2022-03-21T19:59:15","date_gmt":"2022-03-21T18:59:15","guid":{"rendered":"https:\/\/rapportannuel2021.hirondelle.org\/dialogue-dans-le-sahel\/studio-yafa"},"modified":"2022-05-30T21:55:30","modified_gmt":"2022-05-30T19:55:30","slug":"studio-yafa","status":"publish","type":"page","link":"https:\/\/rapportannuel2021.hirondelle.org\/en\/dialogue-in-the-sahel\/studio-yafa","title":{"rendered":"Burkina Faso &#8211; Studio Yafa"},"content":{"rendered":"<p>[vc_row][vc_column width=&#8221;1\/3&#8243;][vc_single_image image=&#8221;184&#8243; img_size=&#8221;large&#8221; css=&#8221;.vc_custom_1652776367458{margin-top: 10px !important;margin-bottom: 10px !important;}&#8221; el_class=&#8221;fullWidthImageContainer&#8221;][vc_row_inner][vc_column_inner el_class=&#8221;floatingColumn&#8221;][vc_column_text]Since March 2019, Studio Yafa has been producing and broadcasting two-and a-half minute radio features in Dioula, French, Fulfulde, Gulmencema and Moor\u00e9, as well as specific content for the web and social networks. It also produces a major weekly debate programme in French called \u201cYa\u2019D\u00e9bat,\u201d which allows young people to express their opinions and debate issues that concern them with older generations and decision-makers.<\/p>\n<p>Since 2021, a weekly two-hour programme with broad appeal has been added. Studio Yafa has a team of 20 Burkinabe journalists, translators and technicians based in Ougadougou, and a network of 15 correspondents in the regions. Its programmes are broadcast by 35 radio stations across the country, as well as by a telephone platform accessible free of charge, and via the Internet and social networks.<\/p>\n<hr \/>\n<h4>Financial volume<\/h4>\n<p>1 199 458 CHF<\/p>\n<h4>Sources of funding<\/h4>\n<p>\u2022 Sweden (ASDI)<br \/>\n\u2022 Switzerland (SDC Project Contribution)<br \/>\n\u2022 Switzerland (SDC Programme Contribution)<br \/>\n\u2022 Czech republic<br \/>\n\u2022 IOM<br \/>\n\u2022 Service contracts<\/p>\n<hr \/>\n<p><a href=\"https:\/\/www.studioyafa.org\" target=\"_blank\" rel=\"noopener\">studioyafa.org<\/a>[\/vc_column_text][vc_raw_html]JTNDZGl2JTIwc3R5bGUlM0QlMjJtYXJnaW4tdG9wJTNBLTEwcHglM0IlMjIlM0UlMEElMjAlMjAlMjAlMjAlM0NhJTIwaHJlZiUzRCUyMmh0dHBzJTNBJTJGJTJGd3d3LmZhY2Vib29rLmNvbSUyRlN0dWRpb1lhZmFCdXJraW5hJTJGJTIyJTIwdGFyZ2V0JTNEJTIyX2JsYW5rJTIyJTNFJTNDaSUyMHN0eWxlJTNEJTIyZm9udC1zaXplJTNBMjdweCUzQm1hcmdpbiUzQTAlMjAxMHB4JTIwMCUyMDAlM0IlMjIlMjBjbGFzcyUzRCUyMmljb24lMjBpY29uJTIwaWNvbi1mYWNlYm9vay1zcXVhcmUlMjIlM0UlM0MlMkZpJTNFJTNDJTJGYSUzRSUwQSUyMCUyMCUyMCUyMCUzQ2ElMjBocmVmJTNEJTIyaHR0cHMlM0ElMkYlMkZ0d2l0dGVyLmNvbSUyRlN0dWRpb1lhZmElMjIlMjB0YXJnZXQlM0QlMjJfYmxhbmslMjIlM0UlM0NpJTIwc3R5bGUlM0QlMjJmb250LXNpemUlM0EyN3B4JTNCbWFyZ2luJTNBMCUyMDEwcHglMjAwJTIwMCUzQiUyMiUyMGNsYXNzJTNEJTIyaWNvbiUyMGljb24lMjBpY29uLXR3aXR0ZXItc3F1YXJlJTIyJTNFJTNDJTJGaSUzRSUzQyUyRmElM0UlMEElMjAlMjAlMjAlMjAlM0NhJTIwaHJlZiUzRCUyMmh0dHBzJTNBJTJGJTJGd3d3LnlvdXR1YmUuY29tJTJGY2hhbm5lbCUyRlVDVkptTDBPMmRaTlkwZHE2TGduOGdKUSUyMiUyMHRhcmdldCUzRCUyMl9ibGFuayUyMiUzRSUzQ2klMjBzdHlsZSUzRCUyMmZvbnQtc2l6ZSUzQTI3cHglM0JtYXJnaW4lM0EwJTIwMTBweCUyMDAlMjAwJTNCJTIyJTIwY2xhc3MlM0QlMjJpY29uJTIwaWNvbiUyMGljb24teW91dHViZS1zcXVhcmUlMjIlM0UlM0MlMkZpJTNFJTNDJTJGYSUzRSUwQSUzQyUyRmRpdiUzRQ==[\/vc_raw_html][\/vc_column_inner][\/vc_row_inner][\/vc_column][vc_column width=&#8221;2\/3&#8243;][vc_column_text]<\/p>\n<h2>Strenghtening ties with displaced listeners<\/h2>\n<p>Burkina Faso\u2019s humanitarian situation has deteriorated sharply, with the number of internally displaced persons (IDPs) rising from 1,074,993 in 2020 to 1,741,655 in 2021, i.e. 700,000 more. The security situation has also worsened, with massacres such as the one in Solhan causing the death of at least 160 people in June 2021. In total, more than 350 civilians lost their lives in armed attacks in Burkina Faso during the year.<\/p>\n<p>In response to this deteriorating humanitarian situation, Studio Yafa on October 1 launched \u201cFaso Yafa\u201d, the first humanitarian radio programme for internally displaced people. This 30-minute weekly programme is broadcast on 36 partner radio stations and from some 50 sound systems installed in IDP camps.<\/p>\n<p>In 2021, Studio Yafa almost doubled its programming with the arrival of \u201cGrand Rendez-Vous\u201d on March 3. This two-hour weekly slot, composed of reports, live music and debates, has increased interaction with listeners<\/p>\n<blockquote><p><strong>When you arrive in a place, you are disoriented. On the radio, very important informations is given. It is thanks to Studio Yafa that I learned there was a camp in such and such a place and that I could go there. Otherwise I would have just wandered around the town.<\/strong><br \/>\nAbdoul Ouedraogo (nom d\u2019emprunt), d\u00e9plac\u00e9 burkinab\u00e8<\/p><\/blockquote>\n<p>In 2021, Studio Yafa produced and broadcast 88 hours of radio programmes. 250 articles were published on Facebook, 55 video reports were produced and broadcast on the web and social networks. Since 2021, these video reports have been broadcast on the first private television channel in Burkina Faso. Some of its reports have exceeded one million views on Facebook, with a record of 2 million views and 4.5 million people reached for a report about a woman working in a funeral home.<\/p>\n<p>In 2022 Studio Yafa starts a new 4-year program supported by the Swedish, Swiss and European Union cooperations. This program aims to strengthen governance and democracy in Burkina Faso, with a particular focus on women, youth and vulnerable populations[\/vc_column_text][\/vc_column][\/vc_row]<\/p>\n","protected":false},"excerpt":{"rendered":"<p>[vc_row][vc_column width=&#8221;1\/3&#8243;][vc_single_image image=&#8221;184&#8243; img_size=&#8221;large&#8221; css=&#8221;.vc_custom_1652776367458{margin-top: 10px !important;margin-bottom: 10px !important;}&#8221; el_class=&#8221;fullWidthImageContainer&#8221;][vc_row_inner][vc_column_inner el_class=&#8221;floatingColumn&#8221;][vc_column_text]Since March 2019, Studio Yafa has been producing and broadcasting two-and a-half minute radio features in Dioula, French, Fulfulde, Gulmencema and Moor\u00e9, as well as specific content for the web and social networks. It also produces a major weekly debate programme in French called \u201cYa\u2019D\u00e9bat,\u201d [&hellip;]<\/p>\n","protected":false},"author":6,"featured_media":195,"parent":547,"menu_order":3,"comment_status":"closed","ping_status":"closed","template":"","meta":{"footnotes":""},"class_list":["post-550","page","type-page","status-publish","hentry"],"yoast_head":"<!-- This site is optimized with the Yoast SEO plugin v25.3.1 - https:\/\/yoast.com\/wordpress\/plugins\/seo\/ -->\n<title>Burkina Faso - Studio Yafa - Annual Report 2021 - Fondation Hirondelle<\/title>\n<meta name=\"robots\" content=\"index, follow, max-snippet:-1, max-image-preview:large, max-video-preview:-1\" \/>\n<link rel=\"canonical\" href=\"https:\/\/rapportannuel2021.hirondelle.org\/en\/dialogue-in-the-sahel\/studio-yafa\" \/>\n<meta property=\"og:locale\" content=\"en_US\" \/>\n<meta property=\"og:type\" content=\"article\" \/>\n<meta property=\"og:title\" content=\"Burkina Faso - Studio Yafa - Annual Report 2021 - Fondation Hirondelle\" \/>\n<meta property=\"og:description\" content=\"[vc_row][vc_column width=&#8221;1\/3&#8243;][vc_single_image image=&#8221;184&#8243; img_size=&#8221;large&#8221; css=&#8221;.vc_custom_1652776367458{margin-top: 10px !important;margin-bottom: 10px !important;}&#8221; el_class=&#8221;fullWidthImageContainer&#8221;][vc_row_inner][vc_column_inner el_class=&#8221;floatingColumn&#8221;][vc_column_text]Since March 2019, Studio Yafa has been producing and broadcasting two-and a-half minute radio features in Dioula, French, Fulfulde, Gulmencema and Moor\u00e9, as well as specific content for the web and social networks. It also produces a major weekly debate programme in French called \u201cYa\u2019D\u00e9bat,\u201d [&hellip;]\" \/>\n<meta property=\"og:url\" content=\"https:\/\/rapportannuel2021.hirondelle.org\/en\/dialogue-in-the-sahel\/studio-yafa\" \/>\n<meta property=\"og:site_name\" content=\"Annual Report 2021 - Fondation Hirondelle\" \/>\n<meta property=\"article:modified_time\" content=\"2022-05-30T19:55:30+00:00\" \/>\n<meta property=\"og:image\" content=\"https:\/\/rapportannuel2021.hirondelle.org\/wp-content\/uploads\/2022\/05\/banner-yafa-1-scaled.jpg\" \/>\n\t<meta property=\"og:image:width\" content=\"2560\" \/>\n\t<meta property=\"og:image:height\" content=\"1256\" \/>\n\t<meta property=\"og:image:type\" content=\"image\/jpeg\" \/>\n<meta name=\"twitter:card\" content=\"summary_large_image\" \/>\n<meta name=\"twitter:label1\" content=\"Est. reading time\" \/>\n\t<meta name=\"twitter:data1\" content=\"3 minutes\" \/>\n<script type=\"application\/ld+json\" class=\"yoast-schema-graph\">{\"@context\":\"https:\/\/schema.org\",\"@graph\":[{\"@type\":\"WebPage\",\"@id\":\"https:\/\/rapportannuel2021.hirondelle.org\/en\/dialogue-in-the-sahel\/studio-yafa\",\"url\":\"https:\/\/rapportannuel2021.hirondelle.org\/en\/dialogue-in-the-sahel\/studio-yafa\",\"name\":\"Burkina Faso - Studio Yafa - Annual Report 2021 - Fondation Hirondelle\",\"isPartOf\":{\"@id\":\"https:\/\/rapportannuel2021.hirondelle.org\/en#website\"},\"primaryImageOfPage\":{\"@id\":\"https:\/\/rapportannuel2021.hirondelle.org\/en\/dialogue-in-the-sahel\/studio-yafa#primaryimage\"},\"image\":{\"@id\":\"https:\/\/rapportannuel2021.hirondelle.org\/en\/dialogue-in-the-sahel\/studio-yafa#primaryimage\"},\"thumbnailUrl\":\"https:\/\/rapportannuel2021.hirondelle.org\/wp-content\/uploads\/2022\/05\/banner-yafa-1-scaled.jpg\",\"datePublished\":\"2022-03-21T18:59:15+00:00\",\"dateModified\":\"2022-05-30T19:55:30+00:00\",\"breadcrumb\":{\"@id\":\"https:\/\/rapportannuel2021.hirondelle.org\/en\/dialogue-in-the-sahel\/studio-yafa#breadcrumb\"},\"inLanguage\":\"en-US\",\"potentialAction\":[{\"@type\":\"ReadAction\",\"target\":[\"https:\/\/rapportannuel2021.hirondelle.org\/en\/dialogue-in-the-sahel\/studio-yafa\"]}]},{\"@type\":\"ImageObject\",\"inLanguage\":\"en-US\",\"@id\":\"https:\/\/rapportannuel2021.hirondelle.org\/en\/dialogue-in-the-sahel\/studio-yafa#primaryimage\",\"url\":\"https:\/\/rapportannuel2021.hirondelle.org\/wp-content\/uploads\/2022\/05\/banner-yafa-1-scaled.jpg\",\"contentUrl\":\"https:\/\/rapportannuel2021.hirondelle.org\/wp-content\/uploads\/2022\/05\/banner-yafa-1-scaled.jpg\",\"width\":2560,\"height\":1256,\"caption\":\"Report from Studio Yafa, Burkina Faso \u00a9 Olympia de Maismont \/ Fondation Hirondelle\"},{\"@type\":\"BreadcrumbList\",\"@id\":\"https:\/\/rapportannuel2021.hirondelle.org\/en\/dialogue-in-the-sahel\/studio-yafa#breadcrumb\",\"itemListElement\":[{\"@type\":\"ListItem\",\"position\":1,\"name\":\"Home\",\"item\":\"https:\/\/rapportannuel2021.hirondelle.org\/en\"},{\"@type\":\"ListItem\",\"position\":2,\"name\":\"Spaces for dialogue in the Sahel\",\"item\":\"https:\/\/rapportannuel2021.hirondelle.org\/en\/dialogue-in-the-sahel\"},{\"@type\":\"ListItem\",\"position\":3,\"name\":\"Burkina Faso &#8211; Studio Yafa\"}]},{\"@type\":\"WebSite\",\"@id\":\"https:\/\/rapportannuel2021.hirondelle.org\/en#website\",\"url\":\"https:\/\/rapportannuel2021.hirondelle.org\/en\",\"name\":\"Annual Report 2021 - Fondation Hirondelle\",\"description\":\"\",\"potentialAction\":[{\"@type\":\"SearchAction\",\"target\":{\"@type\":\"EntryPoint\",\"urlTemplate\":\"https:\/\/rapportannuel2021.hirondelle.org\/en?s={search_term_string}\"},\"query-input\":{\"@type\":\"PropertyValueSpecification\",\"valueRequired\":true,\"valueName\":\"search_term_string\"}}],\"inLanguage\":\"en-US\"}]}<\/script>\n<!-- \/ Yoast SEO plugin. -->","yoast_head_json":{"title":"Burkina Faso - Studio Yafa - Annual Report 2021 - Fondation Hirondelle","robots":{"index":"index","follow":"follow","max-snippet":"max-snippet:-1","max-image-preview":"max-image-preview:large","max-video-preview":"max-video-preview:-1"},"canonical":"https:\/\/rapportannuel2021.hirondelle.org\/en\/dialogue-in-the-sahel\/studio-yafa","og_locale":"en_US","og_type":"article","og_title":"Burkina Faso - Studio Yafa - Annual Report 2021 - Fondation Hirondelle","og_description":"[vc_row][vc_column width=&#8221;1\/3&#8243;][vc_single_image image=&#8221;184&#8243; img_size=&#8221;large&#8221; css=&#8221;.vc_custom_1652776367458{margin-top: 10px !important;margin-bottom: 10px !important;}&#8221; el_class=&#8221;fullWidthImageContainer&#8221;][vc_row_inner][vc_column_inner el_class=&#8221;floatingColumn&#8221;][vc_column_text]Since March 2019, Studio Yafa has been producing and broadcasting two-and a-half minute radio features in Dioula, French, Fulfulde, Gulmencema and Moor\u00e9, as well as specific content for the web and social networks. It also produces a major weekly debate programme in French called \u201cYa\u2019D\u00e9bat,\u201d [&hellip;]","og_url":"https:\/\/rapportannuel2021.hirondelle.org\/en\/dialogue-in-the-sahel\/studio-yafa","og_site_name":"Annual Report 2021 - Fondation Hirondelle","article_modified_time":"2022-05-30T19:55:30+00:00","og_image":[{"width":2560,"height":1256,"url":"https:\/\/rapportannuel2021.hirondelle.org\/wp-content\/uploads\/2022\/05\/banner-yafa-1-scaled.jpg","type":"image\/jpeg"}],"twitter_card":"summary_large_image","twitter_misc":{"Est. reading time":"3 minutes"},"schema":{"@context":"https:\/\/schema.org","@graph":[{"@type":"WebPage","@id":"https:\/\/rapportannuel2021.hirondelle.org\/en\/dialogue-in-the-sahel\/studio-yafa","url":"https:\/\/rapportannuel2021.hirondelle.org\/en\/dialogue-in-the-sahel\/studio-yafa","name":"Burkina Faso - Studio Yafa - Annual Report 2021 - Fondation Hirondelle","isPartOf":{"@id":"https:\/\/rapportannuel2021.hirondelle.org\/en#website"},"primaryImageOfPage":{"@id":"https:\/\/rapportannuel2021.hirondelle.org\/en\/dialogue-in-the-sahel\/studio-yafa#primaryimage"},"image":{"@id":"https:\/\/rapportannuel2021.hirondelle.org\/en\/dialogue-in-the-sahel\/studio-yafa#primaryimage"},"thumbnailUrl":"https:\/\/rapportannuel2021.hirondelle.org\/wp-content\/uploads\/2022\/05\/banner-yafa-1-scaled.jpg","datePublished":"2022-03-21T18:59:15+00:00","dateModified":"2022-05-30T19:55:30+00:00","breadcrumb":{"@id":"https:\/\/rapportannuel2021.hirondelle.org\/en\/dialogue-in-the-sahel\/studio-yafa#breadcrumb"},"inLanguage":"en-US","potentialAction":[{"@type":"ReadAction","target":["https:\/\/rapportannuel2021.hirondelle.org\/en\/dialogue-in-the-sahel\/studio-yafa"]}]},{"@type":"ImageObject","inLanguage":"en-US","@id":"https:\/\/rapportannuel2021.hirondelle.org\/en\/dialogue-in-the-sahel\/studio-yafa#primaryimage","url":"https:\/\/rapportannuel2021.hirondelle.org\/wp-content\/uploads\/2022\/05\/banner-yafa-1-scaled.jpg","contentUrl":"https:\/\/rapportannuel2021.hirondelle.org\/wp-content\/uploads\/2022\/05\/banner-yafa-1-scaled.jpg","width":2560,"height":1256,"caption":"Report from Studio Yafa, Burkina Faso \u00a9 Olympia de Maismont \/ Fondation Hirondelle"},{"@type":"BreadcrumbList","@id":"https:\/\/rapportannuel2021.hirondelle.org\/en\/dialogue-in-the-sahel\/studio-yafa#breadcrumb","itemListElement":[{"@type":"ListItem","position":1,"name":"Home","item":"https:\/\/rapportannuel2021.hirondelle.org\/en"},{"@type":"ListItem","position":2,"name":"Spaces for dialogue in the Sahel","item":"https:\/\/rapportannuel2021.hirondelle.org\/en\/dialogue-in-the-sahel"},{"@type":"ListItem","position":3,"name":"Burkina Faso &#8211; Studio Yafa"}]},{"@type":"WebSite","@id":"https:\/\/rapportannuel2021.hirondelle.org\/en#website","url":"https:\/\/rapportannuel2021.hirondelle.org\/en","name":"Annual Report 2021 - Fondation Hirondelle","description":"","potentialAction":[{"@type":"SearchAction","target":{"@type":"EntryPoint","urlTemplate":"https:\/\/rapportannuel2021.hirondelle.org\/en?s={search_term_string}"},"query-input":{"@type":"PropertyValueSpecification","valueRequired":true,"valueName":"search_term_string"}}],"inLanguage":"en-US"}]}},"_links":{"self":[{"href":"https:\/\/rapportannuel2021.hirondelle.org\/en\/wp-json\/wp\/v2\/pages\/550","targetHints":{"allow":["GET"]}}],"collection":[{"href":"https:\/\/rapportannuel2021.hirondelle.org\/en\/wp-json\/wp\/v2\/pages"}],"about":[{"href":"https:\/\/rapportannuel2021.hirondelle.org\/en\/wp-json\/wp\/v2\/types\/page"}],"author":[{"embeddable":true,"href":"https:\/\/rapportannuel2021.hirondelle.org\/en\/wp-json\/wp\/v2\/users\/6"}],"replies":[{"embeddable":true,"href":"https:\/\/rapportannuel2021.hirondelle.org\/en\/wp-json\/wp\/v2\/comments?post=550"}],"version-history":[{"count":5,"href":"https:\/\/rapportannuel2021.hirondelle.org\/en\/wp-json\/wp\/v2\/pages\/550\/revisions"}],"predecessor-version":[{"id":876,"href":"https:\/\/rapportannuel2021.hirondelle.org\/en\/wp-json\/wp\/v2\/pages\/550\/revisions\/876"}],"up":[{"embeddable":true,"href":"https:\/\/rapportannuel2021.hirondelle.org\/en\/wp-json\/wp\/v2\/pages\/547"}],"wp:featuredmedia":[{"embeddable":true,"href":"https:\/\/rapportannuel2021.hirondelle.org\/en\/wp-json\/wp\/v2\/media\/195"}],"wp:attachment":[{"href":"https:\/\/rapportannuel2021.hirondelle.org\/en\/wp-json\/wp\/v2\/media?parent=550"}],"curies":[{"name":"wp","href":"https:\/\/api.w.org\/{rel}","templated":true}]}}