{"id":547,"date":"2022-03-21T19:57:50","date_gmt":"2022-03-21T18:57:50","guid":{"rendered":"https:\/\/rapportannuel2021.hirondelle.org\/dialogue-dans-le-sahel"},"modified":"2022-05-25T14:42:25","modified_gmt":"2022-05-25T12:42:25","slug":"dialogue-in-the-sahel","status":"publish","type":"page","link":"https:\/\/rapportannuel2021.hirondelle.org\/en\/dialogue-in-the-sahel","title":{"rendered":"Spaces for dialogue in the Sahel"},"content":{"rendered":"<p>[vc_row][vc_column][vc_column_text]<strong>As conflict, insecurity, and instability in the Sahel region have increased, the need for spaces for dialogue, and for reliable, factual, local sources of information, has perhaps never been greater.<\/strong>[\/vc_column_text][\/vc_column][\/vc_row][vc_row][vc_column width=&#8221;1\/2&#8243;][vc_column_text]Fragile human and economic development processes, political instability, insecurity, inequality and climate change have plunged the Sahel region into a succession of overlapping and mutually reinforcing crises for several years. The result is low economic growth, unemployment, a population explosion, migration, drought, inter-communal violence and violent extremism. Decades of poor governance, inflexible political systems and institutions have also blocked much-needed reforms, discredited public service institutions, and impoverished populations. The effects can be seen in the multiple coups that took place in 2021 and early 2022 in Mali, Chad, Guinea Conakry and Burkina Faso. The situation of the people in the region is not improving and democratic processes are eroding. Freedom of expression and freedom of the press are at risk.<\/p>\n<p>The first victims of these crises are often young people and women, who are under-represented in institutions and intermediary bodies. In 2021, Mali, Niger, Burkina Faso and Chad all ranked in the bottom 15 of 162 countries on the UN Gender Inequality Index.<\/p>\n<p>Climate change is also exacerbating instability. It has significantly altered the living conditions of populations in the Sahel, leading to an increase in the proportion of climate refugees, a trend that seems irreversible. This, in addition to the other factors mentioned above, has caused millions of people to migrate within and beyond their countries\u2019 borders, resulting in human tragedies with considerable social and economic consequences.<\/p>\n<p>A stark reminder of this instability is the triple border between Niger, Burkina and Mali, where violent extremist groups and inter-communal violence ravage local communities. 650 people died as a result of violent incidents in this region in 2021, according to humanitarian organizations and the UN.* This violence is causing a major humanitarian crisis: 5.2 million people were food insecure at the end of 2021, and 2.4 million people in the central Sahel had been forced to leave their homes and become \u201cinternally displaced,\u201d including 1.4 million in Burkina Faso.[\/vc_column_text][\/vc_column][vc_column width=&#8221;1\/2&#8243;][vc_column_text]In this context, the media, whether digital (Internet, social networks) or traditional (radio, television, print), play a key role in informing the population about all these crises, their causes and possible solutions. The media, especially radio stations, are relatively numerous in most Sahel countries. However, they remain fragile and lack resources, especially trained and independent journalists. Their editorial lines often reflect exclusively the opinions of their owners, whether state or private. Whether voluntarily or due to lack of professionalism, they sometimes relay misinformation that circulates online, on social networks, in WhatsApp groups, in towns and villages, and that spreads during crises.<\/p>\n<p>But professional, independent, accountable media whose journalists are trained and equipped to work can help provide reliable, factual information that calms fears and combats rumours &#8212; media that create and maintain dialogue and tolerance by exposing people to diverse viewpoints and questioning leaders to hold them accountable. The media can thus play its full role as an intermediary between populations, civil society actors and governments to amplify the voice of citizens at national and regional levels.<\/p>\n<p>With its media in Mali (Studio Tamani), Niger (Studio Kalangou) and Burkina Faso (Studio Yafa), their editorial offices with some 100 trained and supervised journalists and as many correspondents in the regions, their network of 176 local radio and television partners, Fondation Hirondelle has a unique capacity to produce and broadcast information in the Sahel &#8212; a network that maintains spaces for daily dialogue that are more necessary than ever between all components of societies in the Sahel. \u25a0<\/p>\n<p><small><em>(*) https:\/\/news.un.org\/fr\/story\/2021\/09\/1105172<br \/>\n<\/em><\/small>[\/vc_column_text][\/vc_column][\/vc_row][vc_row][vc_column][vc_column_text]<\/p>\n<div class=\"mceTemp\"><\/div>\n<div id=\"attachment_812\" style=\"width: 2500px\" class=\"wp-caption aligncenter\"><img loading=\"lazy\" decoding=\"async\" aria-describedby=\"caption-attachment-812\" class=\"fullWidthImage wp-image-812 size-full\" title=\"Avec ses m\u00e9dias au Mali, au Niger et au Burkina Faso, et leurs 176 radios et t\u00e9l\u00e9visions locales partenaires, la Fondation Hirondelle dispose d\u2019une capacit\u00e9 unique de production et diffusion d\u2019information au Sahel.\" src=\"https:\/\/rapportannuel2021.hirondelle.org\/wp-content\/uploads\/2022\/05\/carte-dialogue-sahel-en.jpg\" alt=\"\" width=\"2490\" height=\"1780\" srcset=\"https:\/\/rapportannuel2021.hirondelle.org\/wp-content\/uploads\/2022\/05\/carte-dialogue-sahel-en.jpg 2490w, https:\/\/rapportannuel2021.hirondelle.org\/wp-content\/uploads\/2022\/05\/carte-dialogue-sahel-en-300x214.jpg 300w, https:\/\/rapportannuel2021.hirondelle.org\/wp-content\/uploads\/2022\/05\/carte-dialogue-sahel-en-1024x732.jpg 1024w, https:\/\/rapportannuel2021.hirondelle.org\/wp-content\/uploads\/2022\/05\/carte-dialogue-sahel-en-768x549.jpg 768w, https:\/\/rapportannuel2021.hirondelle.org\/wp-content\/uploads\/2022\/05\/carte-dialogue-sahel-en-1536x1098.jpg 1536w, https:\/\/rapportannuel2021.hirondelle.org\/wp-content\/uploads\/2022\/05\/carte-dialogue-sahel-en-2048x1464.jpg 2048w\" sizes=\"auto, (max-width: 2490px) 100vw, 2490px\" \/><p id=\"caption-attachment-812\" class=\"wp-caption-text\">With its media in Mali, Niger and Burkina Faso, and their 176 partner televisions and radio stations, Fondation Hirondelle has a unique capacity to produce and broadcast news in the Sahel.<\/p><\/div>\n<p>[\/vc_column_text][\/vc_column][\/vc_row]<\/p>\n","protected":false},"excerpt":{"rendered":"<p>[vc_row][vc_column][vc_column_text]As conflict, insecurity, and instability in the Sahel region have increased, the need for spaces for dialogue, and for reliable, factual, local sources of information, has perhaps never been greater.[\/vc_column_text][\/vc_column][\/vc_row][vc_row][vc_column width=&#8221;1\/2&#8243;][vc_column_text]Fragile human and economic development processes, political instability, insecurity, inequality and climate change have plunged the Sahel region into a succession of overlapping and mutually [&hellip;]<\/p>\n","protected":false},"author":6,"featured_media":119,"parent":0,"menu_order":0,"comment_status":"closed","ping_status":"closed","template":"","meta":{"footnotes":""},"class_list":["post-547","page","type-page","status-publish","hentry"],"yoast_head":"<!-- This site is optimized with the Yoast SEO plugin v25.3.1 - https:\/\/yoast.com\/wordpress\/plugins\/seo\/ -->\n<title>Spaces for dialogue in the Sahel - Annual Report 2021 - Fondation Hirondelle<\/title>\n<meta name=\"robots\" content=\"index, follow, max-snippet:-1, max-image-preview:large, max-video-preview:-1\" \/>\n<link rel=\"canonical\" href=\"https:\/\/rapportannuel2021.hirondelle.org\/en\/dialogue-in-the-sahel\" \/>\n<meta property=\"og:locale\" content=\"en_US\" \/>\n<meta property=\"og:type\" content=\"article\" \/>\n<meta property=\"og:title\" content=\"Spaces for dialogue in the Sahel - Annual Report 2021 - Fondation Hirondelle\" \/>\n<meta property=\"og:description\" content=\"[vc_row][vc_column][vc_column_text]As conflict, insecurity, and instability in the Sahel region have increased, the need for spaces for dialogue, and for reliable, factual, local sources of information, has perhaps never been greater.[\/vc_column_text][\/vc_column][\/vc_row][vc_row][vc_column width=&#8221;1\/2&#8243;][vc_column_text]Fragile human and economic development processes, political instability, insecurity, inequality and climate change have plunged the Sahel region into a succession of overlapping and mutually [&hellip;]\" \/>\n<meta property=\"og:url\" content=\"https:\/\/rapportannuel2021.hirondelle.org\/en\/dialogue-in-the-sahel\" \/>\n<meta property=\"og:site_name\" content=\"Annual Report 2021 - Fondation Hirondelle\" \/>\n<meta property=\"article:modified_time\" content=\"2022-05-25T12:42:25+00:00\" \/>\n<meta property=\"og:image\" content=\"https:\/\/rapportannuel2021.hirondelle.org\/wp-content\/uploads\/2022\/05\/banner-sahel-new-scaled.jpg\" \/>\n\t<meta property=\"og:image:width\" content=\"2560\" \/>\n\t<meta property=\"og:image:height\" content=\"1706\" \/>\n\t<meta property=\"og:image:type\" content=\"image\/jpeg\" \/>\n<meta name=\"twitter:card\" content=\"summary_large_image\" \/>\n<meta name=\"twitter:label1\" content=\"Est. reading time\" \/>\n\t<meta name=\"twitter:data1\" content=\"4 minutes\" \/>\n<script type=\"application\/ld+json\" class=\"yoast-schema-graph\">{\"@context\":\"https:\/\/schema.org\",\"@graph\":[{\"@type\":\"WebPage\",\"@id\":\"https:\/\/rapportannuel2021.hirondelle.org\/en\/dialogue-in-the-sahel\",\"url\":\"https:\/\/rapportannuel2021.hirondelle.org\/en\/dialogue-in-the-sahel\",\"name\":\"Spaces for dialogue in the Sahel - Annual Report 2021 - Fondation Hirondelle\",\"isPartOf\":{\"@id\":\"https:\/\/rapportannuel2021.hirondelle.org\/en#website\"},\"primaryImageOfPage\":{\"@id\":\"https:\/\/rapportannuel2021.hirondelle.org\/en\/dialogue-in-the-sahel#primaryimage\"},\"image\":{\"@id\":\"https:\/\/rapportannuel2021.hirondelle.org\/en\/dialogue-in-the-sahel#primaryimage\"},\"thumbnailUrl\":\"https:\/\/rapportannuel2021.hirondelle.org\/wp-content\/uploads\/2022\/05\/banner-sahel-new-scaled.jpg\",\"datePublished\":\"2022-03-21T18:57:50+00:00\",\"dateModified\":\"2022-05-25T12:42:25+00:00\",\"breadcrumb\":{\"@id\":\"https:\/\/rapportannuel2021.hirondelle.org\/en\/dialogue-in-the-sahel#breadcrumb\"},\"inLanguage\":\"en-US\",\"potentialAction\":[{\"@type\":\"ReadAction\",\"target\":[\"https:\/\/rapportannuel2021.hirondelle.org\/en\/dialogue-in-the-sahel\"]}]},{\"@type\":\"ImageObject\",\"inLanguage\":\"en-US\",\"@id\":\"https:\/\/rapportannuel2021.hirondelle.org\/en\/dialogue-in-the-sahel#primaryimage\",\"url\":\"https:\/\/rapportannuel2021.hirondelle.org\/wp-content\/uploads\/2022\/05\/banner-sahel-new-scaled.jpg\",\"contentUrl\":\"https:\/\/rapportannuel2021.hirondelle.org\/wp-content\/uploads\/2022\/05\/banner-sahel-new-scaled.jpg\",\"width\":2560,\"height\":1706,\"caption\":\"Arkia Tour\u00e9 (Studio Tamani) interviews former railway workers on the abandoned tracks of Kayes, Mali \u00a9 Florent Vergnes \/ Fondation Hirondelle\"},{\"@type\":\"BreadcrumbList\",\"@id\":\"https:\/\/rapportannuel2021.hirondelle.org\/en\/dialogue-in-the-sahel#breadcrumb\",\"itemListElement\":[{\"@type\":\"ListItem\",\"position\":1,\"name\":\"Home\",\"item\":\"https:\/\/rapportannuel2021.hirondelle.org\/en\"},{\"@type\":\"ListItem\",\"position\":2,\"name\":\"Spaces for dialogue in the Sahel\"}]},{\"@type\":\"WebSite\",\"@id\":\"https:\/\/rapportannuel2021.hirondelle.org\/en#website\",\"url\":\"https:\/\/rapportannuel2021.hirondelle.org\/en\",\"name\":\"Annual Report 2021 - Fondation Hirondelle\",\"description\":\"\",\"potentialAction\":[{\"@type\":\"SearchAction\",\"target\":{\"@type\":\"EntryPoint\",\"urlTemplate\":\"https:\/\/rapportannuel2021.hirondelle.org\/en?s={search_term_string}\"},\"query-input\":{\"@type\":\"PropertyValueSpecification\",\"valueRequired\":true,\"valueName\":\"search_term_string\"}}],\"inLanguage\":\"en-US\"}]}<\/script>\n<!-- \/ Yoast SEO plugin. -->","yoast_head_json":{"title":"Spaces for dialogue in the Sahel - Annual Report 2021 - Fondation Hirondelle","robots":{"index":"index","follow":"follow","max-snippet":"max-snippet:-1","max-image-preview":"max-image-preview:large","max-video-preview":"max-video-preview:-1"},"canonical":"https:\/\/rapportannuel2021.hirondelle.org\/en\/dialogue-in-the-sahel","og_locale":"en_US","og_type":"article","og_title":"Spaces for dialogue in the Sahel - Annual Report 2021 - Fondation Hirondelle","og_description":"[vc_row][vc_column][vc_column_text]As conflict, insecurity, and instability in the Sahel region have increased, the need for spaces for dialogue, and for reliable, factual, local sources of information, has perhaps never been greater.[\/vc_column_text][\/vc_column][\/vc_row][vc_row][vc_column width=&#8221;1\/2&#8243;][vc_column_text]Fragile human and economic development processes, political instability, insecurity, inequality and climate change have plunged the Sahel region into a succession of overlapping and mutually [&hellip;]","og_url":"https:\/\/rapportannuel2021.hirondelle.org\/en\/dialogue-in-the-sahel","og_site_name":"Annual Report 2021 - Fondation Hirondelle","article_modified_time":"2022-05-25T12:42:25+00:00","og_image":[{"width":2560,"height":1706,"url":"https:\/\/rapportannuel2021.hirondelle.org\/wp-content\/uploads\/2022\/05\/banner-sahel-new-scaled.jpg","type":"image\/jpeg"}],"twitter_card":"summary_large_image","twitter_misc":{"Est. reading time":"4 minutes"},"schema":{"@context":"https:\/\/schema.org","@graph":[{"@type":"WebPage","@id":"https:\/\/rapportannuel2021.hirondelle.org\/en\/dialogue-in-the-sahel","url":"https:\/\/rapportannuel2021.hirondelle.org\/en\/dialogue-in-the-sahel","name":"Spaces for dialogue in the Sahel - Annual Report 2021 - Fondation Hirondelle","isPartOf":{"@id":"https:\/\/rapportannuel2021.hirondelle.org\/en#website"},"primaryImageOfPage":{"@id":"https:\/\/rapportannuel2021.hirondelle.org\/en\/dialogue-in-the-sahel#primaryimage"},"image":{"@id":"https:\/\/rapportannuel2021.hirondelle.org\/en\/dialogue-in-the-sahel#primaryimage"},"thumbnailUrl":"https:\/\/rapportannuel2021.hirondelle.org\/wp-content\/uploads\/2022\/05\/banner-sahel-new-scaled.jpg","datePublished":"2022-03-21T18:57:50+00:00","dateModified":"2022-05-25T12:42:25+00:00","breadcrumb":{"@id":"https:\/\/rapportannuel2021.hirondelle.org\/en\/dialogue-in-the-sahel#breadcrumb"},"inLanguage":"en-US","potentialAction":[{"@type":"ReadAction","target":["https:\/\/rapportannuel2021.hirondelle.org\/en\/dialogue-in-the-sahel"]}]},{"@type":"ImageObject","inLanguage":"en-US","@id":"https:\/\/rapportannuel2021.hirondelle.org\/en\/dialogue-in-the-sahel#primaryimage","url":"https:\/\/rapportannuel2021.hirondelle.org\/wp-content\/uploads\/2022\/05\/banner-sahel-new-scaled.jpg","contentUrl":"https:\/\/rapportannuel2021.hirondelle.org\/wp-content\/uploads\/2022\/05\/banner-sahel-new-scaled.jpg","width":2560,"height":1706,"caption":"Arkia Tour\u00e9 (Studio Tamani) interviews former railway workers on the abandoned tracks of Kayes, Mali \u00a9 Florent Vergnes \/ Fondation Hirondelle"},{"@type":"BreadcrumbList","@id":"https:\/\/rapportannuel2021.hirondelle.org\/en\/dialogue-in-the-sahel#breadcrumb","itemListElement":[{"@type":"ListItem","position":1,"name":"Home","item":"https:\/\/rapportannuel2021.hirondelle.org\/en"},{"@type":"ListItem","position":2,"name":"Spaces for dialogue in the Sahel"}]},{"@type":"WebSite","@id":"https:\/\/rapportannuel2021.hirondelle.org\/en#website","url":"https:\/\/rapportannuel2021.hirondelle.org\/en","name":"Annual Report 2021 - Fondation Hirondelle","description":"","potentialAction":[{"@type":"SearchAction","target":{"@type":"EntryPoint","urlTemplate":"https:\/\/rapportannuel2021.hirondelle.org\/en?s={search_term_string}"},"query-input":{"@type":"PropertyValueSpecification","valueRequired":true,"valueName":"search_term_string"}}],"inLanguage":"en-US"}]}},"_links":{"self":[{"href":"https:\/\/rapportannuel2021.hirondelle.org\/en\/wp-json\/wp\/v2\/pages\/547","targetHints":{"allow":["GET"]}}],"collection":[{"href":"https:\/\/rapportannuel2021.hirondelle.org\/en\/wp-json\/wp\/v2\/pages"}],"about":[{"href":"https:\/\/rapportannuel2021.hirondelle.org\/en\/wp-json\/wp\/v2\/types\/page"}],"author":[{"embeddable":true,"href":"https:\/\/rapportannuel2021.hirondelle.org\/en\/wp-json\/wp\/v2\/users\/6"}],"replies":[{"embeddable":true,"href":"https:\/\/rapportannuel2021.hirondelle.org\/en\/wp-json\/wp\/v2\/comments?post=547"}],"version-history":[{"count":10,"href":"https:\/\/rapportannuel2021.hirondelle.org\/en\/wp-json\/wp\/v2\/pages\/547\/revisions"}],"predecessor-version":[{"id":817,"href":"https:\/\/rapportannuel2021.hirondelle.org\/en\/wp-json\/wp\/v2\/pages\/547\/revisions\/817"}],"wp:featuredmedia":[{"embeddable":true,"href":"https:\/\/rapportannuel2021.hirondelle.org\/en\/wp-json\/wp\/v2\/media\/119"}],"wp:attachment":[{"href":"https:\/\/rapportannuel2021.hirondelle.org\/en\/wp-json\/wp\/v2\/media?parent=547"}],"curies":[{"name":"wp","href":"https:\/\/api.w.org\/{rel}","templated":true}]}}